{"id":6122,"date":"2025-06-30T11:17:02","date_gmt":"2025-06-30T09:17:02","guid":{"rendered":"https:\/\/transfert-vv93.esopa-productions.fr\/?page_id=6122"},"modified":"2025-06-30T11:25:33","modified_gmt":"2025-06-30T09:25:33","slug":"les-intervenantes-pour-la-fete-darpaville","status":"publish","type":"page","link":"https:\/\/transfert-vv93.esopa-productions.fr\/index.php\/les-intervenantes-pour-la-fete-darpaville\/","title":{"rendered":"Les intervenant\u00b7es pour La F\u00eate d&#8217;Arpaville"},"content":{"rendered":"\t\t<div data-elementor-type=\"wp-page\" data-elementor-id=\"6122\" class=\"elementor elementor-6122\">\n\t\t\t\t\t\t\t\t\t<section class=\"elementor-section elementor-top-section elementor-element elementor-element-9372990 elementor-section-boxed elementor-section-height-default elementor-section-height-default\" data-id=\"9372990\" data-element_type=\"section\">\n\t\t\t\t\t\t<div class=\"elementor-container elementor-column-gap-default\">\n\t\t\t\t\t<div class=\"elementor-column elementor-col-100 elementor-top-column elementor-element elementor-element-2bcb466\" data-id=\"2bcb466\" data-element_type=\"column\">\n\t\t\t<div class=\"elementor-widget-wrap elementor-element-populated\">\n\t\t\t\t\t\t\t\t<div class=\"elementor-element elementor-element-cbced21 elementor-widget elementor-widget-spacer\" data-id=\"cbced21\" data-element_type=\"widget\" data-widget_type=\"spacer.default\">\n\t\t\t\t<div class=\"elementor-widget-container\">\n\t\t\t<style>\/*! elementor - v3.12.1 - 02-04-2023 *\/\n.elementor-column .elementor-spacer-inner{height:var(--spacer-size)}.e-con{--container-widget-width:100%}.e-con-inner>.elementor-widget-spacer,.e-con>.elementor-widget-spacer{width:var(--container-widget-width,var(--spacer-size));--align-self:var(--container-widget-align-self,initial);--flex-shrink:0}.e-con-inner>.elementor-widget-spacer>.elementor-widget-container,.e-con-inner>.elementor-widget-spacer>.elementor-widget-container>.elementor-spacer,.e-con>.elementor-widget-spacer>.elementor-widget-container,.e-con>.elementor-widget-spacer>.elementor-widget-container>.elementor-spacer{height:100%}.e-con-inner>.elementor-widget-spacer>.elementor-widget-container>.elementor-spacer>.elementor-spacer-inner,.e-con>.elementor-widget-spacer>.elementor-widget-container>.elementor-spacer>.elementor-spacer-inner{height:var(--container-widget-height,var(--spacer-size))}<\/style>\t\t<div class=\"elementor-spacer\">\n\t\t\t<div class=\"elementor-spacer-inner\"><\/div>\n\t\t<\/div>\n\t\t\t\t<\/div>\n\t\t\t\t<\/div>\n\t\t\t\t<div class=\"elementor-element elementor-element-f5a1803 elementor-widget elementor-widget-text-editor\" data-id=\"f5a1803\" data-element_type=\"widget\" data-widget_type=\"text-editor.default\">\n\t\t\t\t<div class=\"elementor-widget-container\">\n\t\t\t<style>\/*! elementor - v3.12.1 - 02-04-2023 *\/\n.elementor-widget-text-editor.elementor-drop-cap-view-stacked .elementor-drop-cap{background-color:#69727d;color:#fff}.elementor-widget-text-editor.elementor-drop-cap-view-framed .elementor-drop-cap{color:#69727d;border:3px solid;background-color:transparent}.elementor-widget-text-editor:not(.elementor-drop-cap-view-default) .elementor-drop-cap{margin-top:8px}.elementor-widget-text-editor:not(.elementor-drop-cap-view-default) .elementor-drop-cap-letter{width:1em;height:1em}.elementor-widget-text-editor .elementor-drop-cap{float:left;text-align:center;line-height:1;font-size:50px}.elementor-widget-text-editor .elementor-drop-cap-letter{display:inline-block}<\/style>\t\t\t\t<p><a href=\"https:\/\/transfert-vv93.esopa-productions.fr\/index.php\/fete-arpaville\/\">\u21b5 Retour \u00e0 la page d\u2019accueil du parcours La F\u00eate \u00e0 Arpaville<\/a><\/p>\t\t\t\t\t\t<\/div>\n\t\t\t\t<\/div>\n\t\t\t\t\t<\/div>\n\t\t<\/div>\n\t\t\t\t\t\t\t<\/div>\n\t\t<\/section>\n\t\t\t\t<section class=\"elementor-section elementor-top-section elementor-element elementor-element-a427b08 elementor-section-boxed elementor-section-height-default elementor-section-height-default\" data-id=\"a427b08\" data-element_type=\"section\">\n\t\t\t\t\t\t<div class=\"elementor-container elementor-column-gap-default\">\n\t\t\t\t\t<div class=\"elementor-column elementor-col-50 elementor-top-column elementor-element elementor-element-111c953\" data-id=\"111c953\" data-element_type=\"column\" data-settings=\"{&quot;background_background&quot;:&quot;classic&quot;}\">\n\t\t\t<div class=\"elementor-widget-wrap elementor-element-populated\">\n\t\t\t\t\t\t\t\t<div class=\"elementor-element elementor-element-aea0033 elementor-widget__width-initial elementor-widget elementor-widget-heading\" data-id=\"aea0033\" data-element_type=\"widget\" data-widget_type=\"heading.default\">\n\t\t\t\t<div class=\"elementor-widget-container\">\n\t\t\t<style>\/*! elementor - v3.12.1 - 02-04-2023 *\/\n.elementor-heading-title{padding:0;margin:0;line-height:1}.elementor-widget-heading .elementor-heading-title[class*=elementor-size-]>a{color:inherit;font-size:inherit;line-height:inherit}.elementor-widget-heading .elementor-heading-title.elementor-size-small{font-size:15px}.elementor-widget-heading .elementor-heading-title.elementor-size-medium{font-size:19px}.elementor-widget-heading .elementor-heading-title.elementor-size-large{font-size:29px}.elementor-widget-heading .elementor-heading-title.elementor-size-xl{font-size:39px}.elementor-widget-heading .elementor-heading-title.elementor-size-xxl{font-size:59px}<\/style><h2 class=\"elementor-heading-title elementor-size-default\">LES INTERVENANT\u00b7es pour la f\u00eate D'arpaville<\/h2>\t\t<\/div>\n\t\t\t\t<\/div>\n\t\t\t\t\t<\/div>\n\t\t<\/div>\n\t\t\t\t<div class=\"elementor-column elementor-col-50 elementor-top-column elementor-element elementor-element-e5285c4\" data-id=\"e5285c4\" data-element_type=\"column\" data-settings=\"{&quot;background_background&quot;:&quot;classic&quot;}\">\n\t\t\t<div class=\"elementor-widget-wrap\">\n\t\t\t\t\t\t\t\t\t<\/div>\n\t\t<\/div>\n\t\t\t\t\t\t\t<\/div>\n\t\t<\/section>\n\t\t\t\t<section class=\"elementor-section elementor-top-section elementor-element elementor-element-11d1e72 elementor-section-boxed elementor-section-height-default elementor-section-height-default\" data-id=\"11d1e72\" data-element_type=\"section\" data-settings=\"{&quot;background_background&quot;:&quot;classic&quot;}\">\n\t\t\t\t\t\t<div class=\"elementor-container elementor-column-gap-default\">\n\t\t\t\t\t<div class=\"elementor-column elementor-col-50 elementor-top-column elementor-element elementor-element-4ddf84f\" data-id=\"4ddf84f\" data-element_type=\"column\" data-settings=\"{&quot;background_background&quot;:&quot;classic&quot;}\">\n\t\t\t<div class=\"elementor-widget-wrap elementor-element-populated\">\n\t\t\t\t\t\t\t\t<div class=\"elementor-element elementor-element-1f42de3 elementor-widget-tablet__width-initial elementor-widget elementor-widget-text-editor\" data-id=\"1f42de3\" data-element_type=\"widget\" data-widget_type=\"text-editor.default\">\n\t\t\t\t<div class=\"elementor-widget-container\">\n\t\t\t\t\t\t\t<p style=\"text-align: left;\"><strong>La Compagnie \u00c7a fait du bien<\/strong><\/p><p style=\"text-align: left;\">La Compagnie \u00e7a fait du bien r\u00e9alise des oeuvres culturelles au sens large ; la fabrication de f\u00eates participatives ; le partage de pratiques artistiques, techniques, artisanales et festives ; la mise en oeuvre des droits culturels \u00e0 travers une d\u00e9marche de consultation, de collectage de pratiques culturelles, de savoir faire et d&#8217;envies \u00e0 \u00e9chelle locale.<\/p><p style=\"text-align: left;\">Par ces pratiques culturelles, la Compagnie \u00e7a fait du bien \u0153uvre \u00e0 la cr\u00e9ation de cadres participatifs pour l\u2019invention de f\u00eates singuli\u00e8res et partag\u00e9es. Dans diff\u00e9rentes villes d\u2019\u00cele-de-France, pour diff\u00e9rents publics, en espace public ou en int\u00e9rieur, elle invente des f\u00eates petites ou grandes, toujours joyeuses et collectives.<\/p>\t\t\t\t\t\t<\/div>\n\t\t\t\t<\/div>\n\t\t\t\t\t<\/div>\n\t\t<\/div>\n\t\t\t\t<div class=\"elementor-column elementor-col-50 elementor-top-column elementor-element elementor-element-7830520\" data-id=\"7830520\" data-element_type=\"column\" data-settings=\"{&quot;background_background&quot;:&quot;classic&quot;}\">\n\t\t\t<div class=\"elementor-widget-wrap elementor-element-populated\">\n\t\t\t\t\t\t\t\t<div class=\"elementor-element elementor-element-fb3de9c elementor-widget-tablet__width-initial elementor-widget elementor-widget-image\" data-id=\"fb3de9c\" data-element_type=\"widget\" data-widget_type=\"image.default\">\n\t\t\t\t<div class=\"elementor-widget-container\">\n\t\t\t<style>\/*! elementor - v3.12.1 - 02-04-2023 *\/\n.elementor-widget-image{text-align:center}.elementor-widget-image a{display:inline-block}.elementor-widget-image a img[src$=\".svg\"]{width:48px}.elementor-widget-image img{vertical-align:middle;display:inline-block}<\/style>\t\t\t\t\t\t\t\t\t<figure class=\"wp-caption\">\n\t\t\t\t\t\t\t\t\t\t<img loading=\"lazy\" decoding=\"async\" width=\"1024\" height=\"683\" src=\"https:\/\/transfert-vv93.esopa-productions.fr\/wp-content\/uploads\/2025\/06\/CaFaitDuBien_ARPAVIE_tremblay_reportageMAI2025_vfrossard_K91A5299_web-1024x683.jpg\" class=\"attachment-large size-large wp-image-5275\" alt=\"\" srcset=\"https:\/\/transfert-vv93.esopa-productions.fr\/wp-content\/uploads\/2025\/06\/CaFaitDuBien_ARPAVIE_tremblay_reportageMAI2025_vfrossard_K91A5299_web-1024x683.jpg 1024w, https:\/\/transfert-vv93.esopa-productions.fr\/wp-content\/uploads\/2025\/06\/CaFaitDuBien_ARPAVIE_tremblay_reportageMAI2025_vfrossard_K91A5299_web-300x200.jpg 300w, https:\/\/transfert-vv93.esopa-productions.fr\/wp-content\/uploads\/2025\/06\/CaFaitDuBien_ARPAVIE_tremblay_reportageMAI2025_vfrossard_K91A5299_web-768x512.jpg 768w, https:\/\/transfert-vv93.esopa-productions.fr\/wp-content\/uploads\/2025\/06\/CaFaitDuBien_ARPAVIE_tremblay_reportageMAI2025_vfrossard_K91A5299_web-1536x1024.jpg 1536w, https:\/\/transfert-vv93.esopa-productions.fr\/wp-content\/uploads\/2025\/06\/CaFaitDuBien_ARPAVIE_tremblay_reportageMAI2025_vfrossard_K91A5299_web-930x620.jpg 930w, https:\/\/transfert-vv93.esopa-productions.fr\/wp-content\/uploads\/2025\/06\/CaFaitDuBien_ARPAVIE_tremblay_reportageMAI2025_vfrossard_K91A5299_web.jpg 2048w\" sizes=\"auto, (max-width: 1024px) 100vw, 1024px\" \/>\t\t\t\t\t\t\t\t\t\t\t<figcaption class=\"widget-image-caption wp-caption-text\">\u00a9\ufe0f Val\u00e9rie Frossard<\/figcaption>\n\t\t\t\t\t\t\t\t\t\t<\/figure>\n\t\t\t\t\t\t\t\t\t<\/div>\n\t\t\t\t<\/div>\n\t\t\t\t\t<\/div>\n\t\t<\/div>\n\t\t\t\t\t\t\t<\/div>\n\t\t<\/section>\n\t\t\t\t<section class=\"elementor-section elementor-top-section elementor-element elementor-element-a275490 elementor-section-boxed elementor-section-height-default elementor-section-height-default\" data-id=\"a275490\" data-element_type=\"section\">\n\t\t\t\t\t\t<div class=\"elementor-container elementor-column-gap-default\">\n\t\t\t\t\t<div class=\"elementor-column elementor-col-100 elementor-top-column elementor-element elementor-element-6aeef6f\" data-id=\"6aeef6f\" data-element_type=\"column\">\n\t\t\t<div class=\"elementor-widget-wrap elementor-element-populated\">\n\t\t\t\t\t\t\t\t<div class=\"elementor-element elementor-element-a0835cd elementor-widget elementor-widget-spacer\" data-id=\"a0835cd\" data-element_type=\"widget\" data-widget_type=\"spacer.default\">\n\t\t\t\t<div class=\"elementor-widget-container\">\n\t\t\t\t\t<div class=\"elementor-spacer\">\n\t\t\t<div class=\"elementor-spacer-inner\"><\/div>\n\t\t<\/div>\n\t\t\t\t<\/div>\n\t\t\t\t<\/div>\n\t\t\t\t\t<\/div>\n\t\t<\/div>\n\t\t\t\t\t\t\t<\/div>\n\t\t<\/section>\n\t\t\t\t<section class=\"elementor-section elementor-top-section elementor-element elementor-element-d38a526 elementor-section-boxed elementor-section-height-default elementor-section-height-default\" data-id=\"d38a526\" data-element_type=\"section\">\n\t\t\t\t\t\t<div class=\"elementor-container elementor-column-gap-default\">\n\t\t\t\t\t<div class=\"elementor-column elementor-col-50 elementor-top-column elementor-element elementor-element-be9ec6c\" data-id=\"be9ec6c\" data-element_type=\"column\" data-settings=\"{&quot;background_background&quot;:&quot;classic&quot;}\">\n\t\t\t<div class=\"elementor-widget-wrap elementor-element-populated\">\n\t\t\t\t\t\t\t\t<div class=\"elementor-element elementor-element-876b64f elementor-widget-tablet__width-initial elementor-widget__width-initial elementor-widget elementor-widget-text-editor\" data-id=\"876b64f\" data-element_type=\"widget\" data-widget_type=\"text-editor.default\">\n\t\t\t\t<div class=\"elementor-widget-container\">\n\t\t\t\t\t\t\t<p><strong>Les membres de la Compagnie<\/strong><\/p><p>Elie Mauvezin<br \/>Salom\u00e9 Brussieux<br \/>Ana\u00efs Parisot<br \/>Julia Frumy<br \/>Ang\u00e9la Flahault<br \/>Basile Naudet<br \/>Bandjougou Bakayoko<br \/>Vincent Joinville<br \/>Mohammed Tour\u00e9<br \/>Aziza Gonon<br \/>Baptiste Bouquin<br \/>Clara Dersarkissian<\/p>\t\t\t\t\t\t<\/div>\n\t\t\t\t<\/div>\n\t\t\t\t\t<\/div>\n\t\t<\/div>\n\t\t\t\t<div class=\"elementor-column elementor-col-50 elementor-top-column elementor-element elementor-element-b76263f\" data-id=\"b76263f\" data-element_type=\"column\" data-settings=\"{&quot;background_background&quot;:&quot;classic&quot;}\">\n\t\t\t<div class=\"elementor-widget-wrap elementor-element-populated\">\n\t\t\t\t\t\t\t\t<div class=\"elementor-element elementor-element-5d9a92f elementor-widget-tablet__width-initial elementor-widget__width-initial elementor-widget elementor-widget-text-editor\" data-id=\"5d9a92f\" data-element_type=\"widget\" data-widget_type=\"text-editor.default\">\n\t\t\t\t<div class=\"elementor-widget-container\">\n\t\t\t\t\t\t\t<p><strong>Les musicien\u00b7nes du Bringuebal<\/strong><\/p><p>Anne Cammas<br \/>Rodolphe Radudel<br \/>Laurent Gehant<br \/>Jean-Pascal Molina<br \/>Claude Whipple<\/p>\t\t\t\t\t\t<\/div>\n\t\t\t\t<\/div>\n\t\t\t\t\t<\/div>\n\t\t<\/div>\n\t\t\t\t\t\t\t<\/div>\n\t\t<\/section>\n\t\t\t\t<section class=\"elementor-section elementor-top-section elementor-element elementor-element-a1975ca elementor-section-boxed elementor-section-height-default elementor-section-height-default\" data-id=\"a1975ca\" data-element_type=\"section\">\n\t\t\t\t\t\t<div class=\"elementor-container elementor-column-gap-default\">\n\t\t\t\t\t<div class=\"elementor-column elementor-col-100 elementor-top-column elementor-element elementor-element-2d58c4a\" data-id=\"2d58c4a\" data-element_type=\"column\">\n\t\t\t<div class=\"elementor-widget-wrap elementor-element-populated\">\n\t\t\t\t\t\t\t\t<div class=\"elementor-element elementor-element-5d8c4c6 elementor-widget elementor-widget-spacer\" data-id=\"5d8c4c6\" data-element_type=\"widget\" data-widget_type=\"spacer.default\">\n\t\t\t\t<div class=\"elementor-widget-container\">\n\t\t\t\t\t<div class=\"elementor-spacer\">\n\t\t\t<div class=\"elementor-spacer-inner\"><\/div>\n\t\t<\/div>\n\t\t\t\t<\/div>\n\t\t\t\t<\/div>\n\t\t\t\t\t<\/div>\n\t\t<\/div>\n\t\t\t\t\t\t\t<\/div>\n\t\t<\/section>\n\t\t\t\t\t\t\t<\/div>\n\t\t","protected":false},"excerpt":{"rendered":"<p>\u21b5 Retour \u00e0 la page d\u2019accueil du parcours La F\u00eate \u00e0 Arpaville LES INTERVENANT\u00b7es pour la f\u00eate D&#8217;arpaville La Compagnie \u00c7a fait du bien La Compagnie \u00e7a fait du bien r\u00e9alise des oeuvres culturelles au sens large ; la fabrication de f\u00eates participatives ; le partage de pratiques artistiques, techniques, artisanales et festives ; la&hellip;&nbsp;<a href=\"https:\/\/transfert-vv93.esopa-productions.fr\/index.php\/les-intervenantes-pour-la-fete-darpaville\/\" class=\"\" rel=\"bookmark\">Lire la suite &raquo;<span class=\"screen-reader-text\">Les intervenant\u00b7es pour La F\u00eate d&#8217;Arpaville<\/span><\/a><\/p>\n","protected":false},"author":1,"featured_media":0,"parent":0,"menu_order":0,"comment_status":"closed","ping_status":"closed","template":"page-templates\/template-pagebuilder-full-width.php","meta":{"neve_meta_sidebar":"","neve_meta_container":"","neve_meta_enable_content_width":"","neve_meta_content_width":0,"neve_meta_title_alignment":"","neve_meta_author_avatar":"","neve_post_elements_order":"","neve_meta_disable_header":"","neve_meta_disable_footer":"","neve_meta_disable_title":"","footnotes":""},"class_list":["post-6122","page","type-page","status-publish","hentry"],"_links":{"self":[{"href":"https:\/\/transfert-vv93.esopa-productions.fr\/index.php\/wp-json\/wp\/v2\/pages\/6122","targetHints":{"allow":["GET"]}}],"collection":[{"href":"https:\/\/transfert-vv93.esopa-productions.fr\/index.php\/wp-json\/wp\/v2\/pages"}],"about":[{"href":"https:\/\/transfert-vv93.esopa-productions.fr\/index.php\/wp-json\/wp\/v2\/types\/page"}],"author":[{"embeddable":true,"href":"https:\/\/transfert-vv93.esopa-productions.fr\/index.php\/wp-json\/wp\/v2\/users\/1"}],"replies":[{"embeddable":true,"href":"https:\/\/transfert-vv93.esopa-productions.fr\/index.php\/wp-json\/wp\/v2\/comments?post=6122"}],"version-history":[{"count":8,"href":"https:\/\/transfert-vv93.esopa-productions.fr\/index.php\/wp-json\/wp\/v2\/pages\/6122\/revisions"}],"predecessor-version":[{"id":6140,"href":"https:\/\/transfert-vv93.esopa-productions.fr\/index.php\/wp-json\/wp\/v2\/pages\/6122\/revisions\/6140"}],"wp:attachment":[{"href":"https:\/\/transfert-vv93.esopa-productions.fr\/index.php\/wp-json\/wp\/v2\/media?parent=6122"}],"curies":[{"name":"wp","href":"https:\/\/api.w.org\/{rel}","templated":true}]}}