{"id":3810,"date":"2024-04-16T16:00:04","date_gmt":"2024-04-16T14:00:04","guid":{"rendered":"https:\/\/transfert-vv93.esopa-productions.fr\/?page_id=3810"},"modified":"2024-06-17T11:12:54","modified_gmt":"2024-06-17T09:12:54","slug":"les-intervenantes-silence-ca-tourne-tremblay","status":"publish","type":"page","link":"https:\/\/transfert-vv93.esopa-productions.fr\/index.php\/silence-ca-tourne-tremblay\/les-intervenantes-silence-ca-tourne-tremblay\/","title":{"rendered":"Les intervenantes Silence, \u00e7a tourne, Tremblay"},"content":{"rendered":"\t\t<div data-elementor-type=\"wp-page\" data-elementor-id=\"3810\" class=\"elementor elementor-3810\">\n\t\t\t\t\t\t\t\t\t<section class=\"elementor-section elementor-top-section elementor-element elementor-element-9372990 elementor-section-boxed elementor-section-height-default elementor-section-height-default\" data-id=\"9372990\" data-element_type=\"section\">\n\t\t\t\t\t\t<div class=\"elementor-container elementor-column-gap-default\">\n\t\t\t\t\t<div class=\"elementor-column elementor-col-100 elementor-top-column elementor-element elementor-element-2bcb466\" data-id=\"2bcb466\" data-element_type=\"column\">\n\t\t\t<div class=\"elementor-widget-wrap elementor-element-populated\">\n\t\t\t\t\t\t\t\t<div class=\"elementor-element elementor-element-cbced21 elementor-widget elementor-widget-spacer\" data-id=\"cbced21\" data-element_type=\"widget\" data-widget_type=\"spacer.default\">\n\t\t\t\t<div class=\"elementor-widget-container\">\n\t\t\t<style>\/*! elementor - v3.12.1 - 02-04-2023 *\/\n.elementor-column .elementor-spacer-inner{height:var(--spacer-size)}.e-con{--container-widget-width:100%}.e-con-inner>.elementor-widget-spacer,.e-con>.elementor-widget-spacer{width:var(--container-widget-width,var(--spacer-size));--align-self:var(--container-widget-align-self,initial);--flex-shrink:0}.e-con-inner>.elementor-widget-spacer>.elementor-widget-container,.e-con-inner>.elementor-widget-spacer>.elementor-widget-container>.elementor-spacer,.e-con>.elementor-widget-spacer>.elementor-widget-container,.e-con>.elementor-widget-spacer>.elementor-widget-container>.elementor-spacer{height:100%}.e-con-inner>.elementor-widget-spacer>.elementor-widget-container>.elementor-spacer>.elementor-spacer-inner,.e-con>.elementor-widget-spacer>.elementor-widget-container>.elementor-spacer>.elementor-spacer-inner{height:var(--container-widget-height,var(--spacer-size))}<\/style>\t\t<div class=\"elementor-spacer\">\n\t\t\t<div class=\"elementor-spacer-inner\"><\/div>\n\t\t<\/div>\n\t\t\t\t<\/div>\n\t\t\t\t<\/div>\n\t\t\t\t\t<\/div>\n\t\t<\/div>\n\t\t\t\t\t\t\t<\/div>\n\t\t<\/section>\n\t\t\t\t<section class=\"elementor-section elementor-top-section elementor-element elementor-element-2a7af13 elementor-section-boxed elementor-section-height-default elementor-section-height-default\" data-id=\"2a7af13\" data-element_type=\"section\">\n\t\t\t\t\t\t<div class=\"elementor-container elementor-column-gap-default\">\n\t\t\t\t\t<div class=\"elementor-column elementor-col-100 elementor-top-column elementor-element elementor-element-446c48f\" data-id=\"446c48f\" data-element_type=\"column\" data-settings=\"{&quot;background_background&quot;:&quot;classic&quot;}\">\n\t\t\t<div class=\"elementor-widget-wrap\">\n\t\t\t\t\t\t\t\t\t<\/div>\n\t\t<\/div>\n\t\t\t\t\t\t\t<\/div>\n\t\t<\/section>\n\t\t\t\t<section class=\"elementor-section elementor-top-section elementor-element elementor-element-20b8db2 elementor-section-boxed elementor-section-height-default elementor-section-height-default\" data-id=\"20b8db2\" data-element_type=\"section\">\n\t\t\t\t\t\t<div class=\"elementor-container elementor-column-gap-default\">\n\t\t\t\t\t<div class=\"elementor-column elementor-col-100 elementor-top-column elementor-element elementor-element-15164af\" data-id=\"15164af\" data-element_type=\"column\">\n\t\t\t<div class=\"elementor-widget-wrap elementor-element-populated\">\n\t\t\t\t\t\t\t\t<div class=\"elementor-element elementor-element-83a72c9 elementor-widget elementor-widget-text-editor\" data-id=\"83a72c9\" data-element_type=\"widget\" data-widget_type=\"text-editor.default\">\n\t\t\t\t<div class=\"elementor-widget-container\">\n\t\t\t<style>\/*! elementor - v3.12.1 - 02-04-2023 *\/\n.elementor-widget-text-editor.elementor-drop-cap-view-stacked .elementor-drop-cap{background-color:#69727d;color:#fff}.elementor-widget-text-editor.elementor-drop-cap-view-framed .elementor-drop-cap{color:#69727d;border:3px solid;background-color:transparent}.elementor-widget-text-editor:not(.elementor-drop-cap-view-default) .elementor-drop-cap{margin-top:8px}.elementor-widget-text-editor:not(.elementor-drop-cap-view-default) .elementor-drop-cap-letter{width:1em;height:1em}.elementor-widget-text-editor .elementor-drop-cap{float:left;text-align:center;line-height:1;font-size:50px}.elementor-widget-text-editor .elementor-drop-cap-letter{display:inline-block}<\/style>\t\t\t\t<p><a href=\"https:\/\/transfert-vv93.esopa-productions.fr\/index.php\/silence-ca-tourne-tremblay\/\">\u21b5 Retour \u00e0 la page d&#8217;accueil du parcours Silence, ils tournent !<\/a><\/p>\t\t\t\t\t\t<\/div>\n\t\t\t\t<\/div>\n\t\t\t\t\t<\/div>\n\t\t<\/div>\n\t\t\t\t\t\t\t<\/div>\n\t\t<\/section>\n\t\t\t\t<section class=\"elementor-section elementor-top-section elementor-element elementor-element-ee8d78d elementor-section-boxed elementor-section-height-default elementor-section-height-default\" data-id=\"ee8d78d\" data-element_type=\"section\">\n\t\t\t\t\t\t\t<div class=\"elementor-background-overlay\"><\/div>\n\t\t\t\t\t\t\t<div class=\"elementor-container elementor-column-gap-default\">\n\t\t\t\t\t<div class=\"elementor-column elementor-col-50 elementor-top-column elementor-element elementor-element-165b654\" data-id=\"165b654\" data-element_type=\"column\" data-settings=\"{&quot;background_background&quot;:&quot;classic&quot;}\">\n\t\t\t<div class=\"elementor-widget-wrap elementor-element-populated\">\n\t\t\t\t\t\t\t\t<div class=\"elementor-element elementor-element-98c7c83 elementor-widget__width-initial elementor-widget elementor-widget-heading\" data-id=\"98c7c83\" data-element_type=\"widget\" data-widget_type=\"heading.default\">\n\t\t\t\t<div class=\"elementor-widget-container\">\n\t\t\t<style>\/*! elementor - v3.12.1 - 02-04-2023 *\/\n.elementor-heading-title{padding:0;margin:0;line-height:1}.elementor-widget-heading .elementor-heading-title[class*=elementor-size-]>a{color:inherit;font-size:inherit;line-height:inherit}.elementor-widget-heading .elementor-heading-title.elementor-size-small{font-size:15px}.elementor-widget-heading .elementor-heading-title.elementor-size-medium{font-size:19px}.elementor-widget-heading .elementor-heading-title.elementor-size-large{font-size:29px}.elementor-widget-heading .elementor-heading-title.elementor-size-xl{font-size:39px}.elementor-widget-heading .elementor-heading-title.elementor-size-xxl{font-size:59px}<\/style><h2 class=\"elementor-heading-title elementor-size-default\">LES INTERVENANT.ES<\/h2>\t\t<\/div>\n\t\t\t\t<\/div>\n\t\t\t\t\t<\/div>\n\t\t<\/div>\n\t\t\t\t<div class=\"elementor-column elementor-col-50 elementor-top-column elementor-element elementor-element-25609d4\" data-id=\"25609d4\" data-element_type=\"column\" data-settings=\"{&quot;background_background&quot;:&quot;classic&quot;}\">\n\t\t\t<div class=\"elementor-widget-wrap\">\n\t\t\t\t\t\t\t\t\t<\/div>\n\t\t<\/div>\n\t\t\t\t\t\t\t<\/div>\n\t\t<\/section>\n\t\t\t\t<section class=\"elementor-section elementor-top-section elementor-element elementor-element-11d1e72 elementor-section-boxed elementor-section-height-default elementor-section-height-default\" data-id=\"11d1e72\" data-element_type=\"section\" data-settings=\"{&quot;background_background&quot;:&quot;classic&quot;}\">\n\t\t\t\t\t\t<div class=\"elementor-container elementor-column-gap-default\">\n\t\t\t\t\t<div class=\"elementor-column elementor-col-50 elementor-top-column elementor-element elementor-element-4ddf84f\" data-id=\"4ddf84f\" data-element_type=\"column\" data-settings=\"{&quot;background_background&quot;:&quot;classic&quot;}\">\n\t\t\t<div class=\"elementor-widget-wrap elementor-element-populated\">\n\t\t\t\t\t\t\t\t<div class=\"elementor-element elementor-element-1f42de3 elementor-widget elementor-widget-text-editor\" data-id=\"1f42de3\" data-element_type=\"widget\" data-widget_type=\"text-editor.default\">\n\t\t\t\t<div class=\"elementor-widget-container\">\n\t\t\t\t\t\t\t<p><span style=\"font-weight: 400;\">Le <\/span><b>Collectif Jeune Cin\u00e9ma <\/b><span style=\"font-weight: 400;\">est une coop\u00e9rative de cin\u00e9astes fond\u00e9e \u00e0 Paris le 12 juin 1971. Sa vocation est de distribuer, promouvoir et archiver des films diff\u00e9rents et exp\u00e9rimentaux ainsi que toutes formes de pratiques exp\u00e9rimentales de l\u2019image et du film. Le CJC organise chaque ann\u00e9e le Festival des Cin\u00e9mas Diff\u00e9rents et Exp\u00e9rimentaux de Paris, et programme chaque mois des s\u00e9ances r\u00e9guli\u00e8res \u00e0 Paris ou en \u00cele-de-France. Son catalogue couvre un spectre tr\u00e8s large d\u2019esth\u00e9tiques et de pratiques cin\u00e9matographiques internationales. Il est notamment le seul \u00e0 inclure des films exp\u00e9rimentaux r\u00e9alis\u00e9s par des enfants et de jeunes cin\u00e9astes (- 18 ans).<\/span><\/p><p><span style=\"font-weight: 400;\">Retrouvez l\u2019ensemble des informations portant sur le collectif ici \u2192 <\/span><a href=\"https:\/\/cjcinema.org\/?langue=fr\"><span style=\"font-weight: 400;\">le site internet &#8211; <\/span><\/a><a href=\"mailto:admin@cjcinema.org\">admin@cjcinema.org<\/a><\/p><p><span style=\"letter-spacing: 0.2px;\">Pour mettre en oeuvre ce projet, la compagnie a mobilis\u00e9 l&#8217;\u00e9quipe suivante :\u00a0<\/span><\/p>\t\t\t\t\t\t<\/div>\n\t\t\t\t<\/div>\n\t\t\t\t\t<\/div>\n\t\t<\/div>\n\t\t\t\t<div class=\"elementor-column elementor-col-50 elementor-top-column elementor-element elementor-element-7830520\" data-id=\"7830520\" data-element_type=\"column\" data-settings=\"{&quot;background_background&quot;:&quot;classic&quot;}\">\n\t\t\t<div class=\"elementor-widget-wrap elementor-element-populated\">\n\t\t\t\t\t\t\t\t<div class=\"elementor-element elementor-element-10459ce elementor-widget elementor-widget-image\" data-id=\"10459ce\" data-element_type=\"widget\" data-widget_type=\"image.default\">\n\t\t\t\t<div class=\"elementor-widget-container\">\n\t\t\t<style>\/*! elementor - v3.12.1 - 02-04-2023 *\/\n.elementor-widget-image{text-align:center}.elementor-widget-image a{display:inline-block}.elementor-widget-image a img[src$=\".svg\"]{width:48px}.elementor-widget-image img{vertical-align:middle;display:inline-block}<\/style>\t\t\t\t\t\t\t\t\t\t\t\t<img loading=\"lazy\" decoding=\"async\" width=\"400\" height=\"300\" src=\"https:\/\/transfert-vv93.esopa-productions.fr\/wp-content\/uploads\/2024\/04\/collectif_jeune_cinema_1.jpg\" class=\"attachment-large size-large wp-image-3812\" alt=\"\" srcset=\"https:\/\/transfert-vv93.esopa-productions.fr\/wp-content\/uploads\/2024\/04\/collectif_jeune_cinema_1.jpg 400w, https:\/\/transfert-vv93.esopa-productions.fr\/wp-content\/uploads\/2024\/04\/collectif_jeune_cinema_1-300x225.jpg 300w\" sizes=\"auto, (max-width: 400px) 100vw, 400px\" \/>\t\t\t\t\t\t\t\t\t\t\t\t\t\t\t<\/div>\n\t\t\t\t<\/div>\n\t\t\t\t\t<\/div>\n\t\t<\/div>\n\t\t\t\t\t\t\t<\/div>\n\t\t<\/section>\n\t\t\t\t<section class=\"elementor-section elementor-top-section elementor-element elementor-element-a275490 elementor-section-boxed elementor-section-height-default elementor-section-height-default\" data-id=\"a275490\" data-element_type=\"section\">\n\t\t\t\t\t\t<div class=\"elementor-container elementor-column-gap-default\">\n\t\t\t\t\t<div class=\"elementor-column elementor-col-100 elementor-top-column elementor-element elementor-element-6aeef6f\" data-id=\"6aeef6f\" data-element_type=\"column\" data-settings=\"{&quot;background_background&quot;:&quot;classic&quot;}\">\n\t\t\t<div class=\"elementor-widget-wrap elementor-element-populated\">\n\t\t\t\t\t\t\t\t<div class=\"elementor-element elementor-element-6f9df60 elementor-widget__width-initial elementor-widget elementor-widget-image\" data-id=\"6f9df60\" data-element_type=\"widget\" data-widget_type=\"image.default\">\n\t\t\t\t<div class=\"elementor-widget-container\">\n\t\t\t\t\t\t\t\t\t\t\t\t\t\t\t<img loading=\"lazy\" decoding=\"async\" width=\"686\" height=\"292\" src=\"https:\/\/transfert-vv93.esopa-productions.fr\/wp-content\/uploads\/2024\/04\/Screenshot-2024-04-16-11.01.38.png\" class=\"attachment-large size-large wp-image-3811\" alt=\"\" srcset=\"https:\/\/transfert-vv93.esopa-productions.fr\/wp-content\/uploads\/2024\/04\/Screenshot-2024-04-16-11.01.38.png 686w, https:\/\/transfert-vv93.esopa-productions.fr\/wp-content\/uploads\/2024\/04\/Screenshot-2024-04-16-11.01.38-300x128.png 300w\" sizes=\"auto, (max-width: 686px) 100vw, 686px\" \/>\t\t\t\t\t\t\t\t\t\t\t\t\t\t\t<\/div>\n\t\t\t\t<\/div>\n\t\t\t\t\t<\/div>\n\t\t<\/div>\n\t\t\t\t\t\t\t<\/div>\n\t\t<\/section>\n\t\t\t\t\t\t\t<\/div>\n\t\t","protected":false},"excerpt":{"rendered":"<p>\u21b5 Retour \u00e0 la page d&#8217;accueil du parcours Silence, ils tournent ! LES INTERVENANT.ES Le Collectif Jeune Cin\u00e9ma est une coop\u00e9rative de cin\u00e9astes fond\u00e9e \u00e0 Paris le 12 juin 1971. Sa vocation est de distribuer, promouvoir et archiver des films diff\u00e9rents et exp\u00e9rimentaux ainsi que toutes formes de pratiques exp\u00e9rimentales de l\u2019image et du film.&hellip;&nbsp;<a href=\"https:\/\/transfert-vv93.esopa-productions.fr\/index.php\/silence-ca-tourne-tremblay\/les-intervenantes-silence-ca-tourne-tremblay\/\" class=\"\" rel=\"bookmark\">Lire la suite &raquo;<span class=\"screen-reader-text\">Les intervenantes Silence, \u00e7a tourne, Tremblay<\/span><\/a><\/p>\n","protected":false},"author":1,"featured_media":0,"parent":3759,"menu_order":0,"comment_status":"closed","ping_status":"closed","template":"page-templates\/template-pagebuilder-full-width.php","meta":{"neve_meta_sidebar":"","neve_meta_container":"","neve_meta_enable_content_width":"","neve_meta_content_width":0,"neve_meta_title_alignment":"","neve_meta_author_avatar":"","neve_post_elements_order":"","neve_meta_disable_header":"","neve_meta_disable_footer":"","neve_meta_disable_title":"","footnotes":""},"class_list":["post-3810","page","type-page","status-publish","hentry"],"_links":{"self":[{"href":"https:\/\/transfert-vv93.esopa-productions.fr\/index.php\/wp-json\/wp\/v2\/pages\/3810","targetHints":{"allow":["GET"]}}],"collection":[{"href":"https:\/\/transfert-vv93.esopa-productions.fr\/index.php\/wp-json\/wp\/v2\/pages"}],"about":[{"href":"https:\/\/transfert-vv93.esopa-productions.fr\/index.php\/wp-json\/wp\/v2\/types\/page"}],"author":[{"embeddable":true,"href":"https:\/\/transfert-vv93.esopa-productions.fr\/index.php\/wp-json\/wp\/v2\/users\/1"}],"replies":[{"embeddable":true,"href":"https:\/\/transfert-vv93.esopa-productions.fr\/index.php\/wp-json\/wp\/v2\/comments?post=3810"}],"version-history":[{"count":25,"href":"https:\/\/transfert-vv93.esopa-productions.fr\/index.php\/wp-json\/wp\/v2\/pages\/3810\/revisions"}],"predecessor-version":[{"id":4627,"href":"https:\/\/transfert-vv93.esopa-productions.fr\/index.php\/wp-json\/wp\/v2\/pages\/3810\/revisions\/4627"}],"up":[{"embeddable":true,"href":"https:\/\/transfert-vv93.esopa-productions.fr\/index.php\/wp-json\/wp\/v2\/pages\/3759"}],"wp:attachment":[{"href":"https:\/\/transfert-vv93.esopa-productions.fr\/index.php\/wp-json\/wp\/v2\/media?parent=3810"}],"curies":[{"name":"wp","href":"https:\/\/api.w.org\/{rel}","templated":true}]}}