{"id":2141,"date":"2023-05-22T11:56:47","date_gmt":"2023-05-22T09:56:47","guid":{"rendered":"https:\/\/transfert-vv93.esopa-productions.fr\/?page_id=2141"},"modified":"2024-04-24T15:43:24","modified_gmt":"2024-04-24T13:43:24","slug":"les-intervenants-opera-cuisine","status":"publish","type":"page","link":"https:\/\/transfert-vv93.esopa-productions.fr\/index.php\/opera-cuisine-noisy\/les-intervenants-opera-cuisine\/","title":{"rendered":"Les intervenants pour Op\u00e9ra Cuisine et in-d\u00e9pendance"},"content":{"rendered":"\t\t<div data-elementor-type=\"wp-page\" data-elementor-id=\"2141\" class=\"elementor elementor-2141\">\n\t\t\t\t\t\t\t\t\t<section class=\"elementor-section elementor-top-section elementor-element elementor-element-9372990 elementor-section-boxed elementor-section-height-default elementor-section-height-default\" data-id=\"9372990\" data-element_type=\"section\">\n\t\t\t\t\t\t<div class=\"elementor-container elementor-column-gap-default\">\n\t\t\t\t\t<div class=\"elementor-column elementor-col-100 elementor-top-column elementor-element elementor-element-2bcb466\" data-id=\"2bcb466\" data-element_type=\"column\">\n\t\t\t<div class=\"elementor-widget-wrap elementor-element-populated\">\n\t\t\t\t\t\t\t\t<div class=\"elementor-element elementor-element-cbced21 elementor-widget elementor-widget-spacer\" data-id=\"cbced21\" data-element_type=\"widget\" data-widget_type=\"spacer.default\">\n\t\t\t\t<div class=\"elementor-widget-container\">\n\t\t\t<style>\/*! elementor - v3.12.1 - 02-04-2023 *\/\n.elementor-column .elementor-spacer-inner{height:var(--spacer-size)}.e-con{--container-widget-width:100%}.e-con-inner>.elementor-widget-spacer,.e-con>.elementor-widget-spacer{width:var(--container-widget-width,var(--spacer-size));--align-self:var(--container-widget-align-self,initial);--flex-shrink:0}.e-con-inner>.elementor-widget-spacer>.elementor-widget-container,.e-con-inner>.elementor-widget-spacer>.elementor-widget-container>.elementor-spacer,.e-con>.elementor-widget-spacer>.elementor-widget-container,.e-con>.elementor-widget-spacer>.elementor-widget-container>.elementor-spacer{height:100%}.e-con-inner>.elementor-widget-spacer>.elementor-widget-container>.elementor-spacer>.elementor-spacer-inner,.e-con>.elementor-widget-spacer>.elementor-widget-container>.elementor-spacer>.elementor-spacer-inner{height:var(--container-widget-height,var(--spacer-size))}<\/style>\t\t<div class=\"elementor-spacer\">\n\t\t\t<div class=\"elementor-spacer-inner\"><\/div>\n\t\t<\/div>\n\t\t\t\t<\/div>\n\t\t\t\t<\/div>\n\t\t\t\t\t<\/div>\n\t\t<\/div>\n\t\t\t\t\t\t\t<\/div>\n\t\t<\/section>\n\t\t\t\t<section class=\"elementor-section elementor-top-section elementor-element elementor-element-4344516 elementor-section-boxed elementor-section-height-default elementor-section-height-default\" data-id=\"4344516\" data-element_type=\"section\">\n\t\t\t\t\t\t<div class=\"elementor-container elementor-column-gap-default\">\n\t\t\t\t\t<div class=\"elementor-column elementor-col-100 elementor-top-column elementor-element elementor-element-734c86d\" data-id=\"734c86d\" data-element_type=\"column\">\n\t\t\t<div class=\"elementor-widget-wrap elementor-element-populated\">\n\t\t\t\t\t\t\t\t<div class=\"elementor-element elementor-element-62bbbf4 elementor-widget elementor-widget-text-editor\" data-id=\"62bbbf4\" data-element_type=\"widget\" data-widget_type=\"text-editor.default\">\n\t\t\t\t<div class=\"elementor-widget-container\">\n\t\t\t<style>\/*! elementor - v3.12.1 - 02-04-2023 *\/\n.elementor-widget-text-editor.elementor-drop-cap-view-stacked .elementor-drop-cap{background-color:#69727d;color:#fff}.elementor-widget-text-editor.elementor-drop-cap-view-framed .elementor-drop-cap{color:#69727d;border:3px solid;background-color:transparent}.elementor-widget-text-editor:not(.elementor-drop-cap-view-default) .elementor-drop-cap{margin-top:8px}.elementor-widget-text-editor:not(.elementor-drop-cap-view-default) .elementor-drop-cap-letter{width:1em;height:1em}.elementor-widget-text-editor .elementor-drop-cap{float:left;text-align:center;line-height:1;font-size:50px}.elementor-widget-text-editor .elementor-drop-cap-letter{display:inline-block}<\/style>\t\t\t\t<p><a href=\"https:\/\/transfert-vv93.esopa-productions.fr\/index.php\/opera-cuisine-noisy\/\">\u21b5 Retour \u00e0 la page d&#8217;accueil du parcours Cuisine et in-d\u00e9pendance<\/a><\/p>\t\t\t\t\t\t<\/div>\n\t\t\t\t<\/div>\n\t\t\t\t\t<\/div>\n\t\t<\/div>\n\t\t\t\t\t\t\t<\/div>\n\t\t<\/section>\n\t\t\t\t<section class=\"elementor-section elementor-top-section elementor-element elementor-element-b055e33 elementor-section-boxed elementor-section-height-default elementor-section-height-default\" data-id=\"b055e33\" data-element_type=\"section\">\n\t\t\t\t\t\t\t<div class=\"elementor-background-overlay\"><\/div>\n\t\t\t\t\t\t\t<div class=\"elementor-container elementor-column-gap-default\">\n\t\t\t\t\t<div class=\"elementor-column elementor-col-50 elementor-top-column elementor-element elementor-element-30852ea\" data-id=\"30852ea\" data-element_type=\"column\" data-settings=\"{&quot;background_background&quot;:&quot;classic&quot;}\">\n\t\t\t<div class=\"elementor-widget-wrap elementor-element-populated\">\n\t\t\t\t\t\t\t\t<div class=\"elementor-element elementor-element-e6f7980 elementor-widget__width-initial elementor-widget elementor-widget-heading\" data-id=\"e6f7980\" data-element_type=\"widget\" data-widget_type=\"heading.default\">\n\t\t\t\t<div class=\"elementor-widget-container\">\n\t\t\t<style>\/*! elementor - v3.12.1 - 02-04-2023 *\/\n.elementor-heading-title{padding:0;margin:0;line-height:1}.elementor-widget-heading .elementor-heading-title[class*=elementor-size-]>a{color:inherit;font-size:inherit;line-height:inherit}.elementor-widget-heading .elementor-heading-title.elementor-size-small{font-size:15px}.elementor-widget-heading .elementor-heading-title.elementor-size-medium{font-size:19px}.elementor-widget-heading .elementor-heading-title.elementor-size-large{font-size:29px}.elementor-widget-heading .elementor-heading-title.elementor-size-xl{font-size:39px}.elementor-widget-heading .elementor-heading-title.elementor-size-xxl{font-size:59px}<\/style><h2 class=\"elementor-heading-title elementor-size-default\">Les intervenant.e.s POUR \"CUISINE ET IN-D\u00c9PENDANCE\"<\/h2>\t\t<\/div>\n\t\t\t\t<\/div>\n\t\t\t\t\t<\/div>\n\t\t<\/div>\n\t\t\t\t<div class=\"elementor-column elementor-col-50 elementor-top-column elementor-element elementor-element-66d9b9d\" data-id=\"66d9b9d\" data-element_type=\"column\" data-settings=\"{&quot;background_background&quot;:&quot;classic&quot;}\">\n\t\t\t<div class=\"elementor-widget-wrap\">\n\t\t\t\t\t\t\t\t\t<\/div>\n\t\t<\/div>\n\t\t\t\t\t\t\t<\/div>\n\t\t<\/section>\n\t\t\t\t<section class=\"elementor-section elementor-top-section elementor-element elementor-element-11d1e72 elementor-section-boxed elementor-section-height-default elementor-section-height-default\" data-id=\"11d1e72\" data-element_type=\"section\">\n\t\t\t\t\t\t<div class=\"elementor-container elementor-column-gap-default\">\n\t\t\t\t\t<div class=\"elementor-column elementor-col-50 elementor-top-column elementor-element elementor-element-4ddf84f\" data-id=\"4ddf84f\" data-element_type=\"column\" data-settings=\"{&quot;background_background&quot;:&quot;classic&quot;}\">\n\t\t\t<div class=\"elementor-widget-wrap elementor-element-populated\">\n\t\t\t\t\t\t\t\t<div class=\"elementor-element elementor-element-1f42de3 elementor-widget elementor-widget-text-editor\" data-id=\"1f42de3\" data-element_type=\"widget\" data-widget_type=\"text-editor.default\">\n\t\t\t\t<div class=\"elementor-widget-container\">\n\t\t\t\t\t\t\t<p>Ce parcours artistique a \u00e9t\u00e9 confi\u00e9 \u00e0 la compagnie Mouvement Art et Publics, qui d\u00e9veloppe le concept de d\u00e9sintimidation culturelle.<\/p><p>Sous la direction artistique de Nicolas Slawny et sous la direction musicale d&#8217;Orlando Bass, la Compagnie est compos\u00e9e de professionnel.le.s du monde lyrique, chanteur.euse.s, pianiste, metteur en sc\u00e8ne, cheffe de ch\u0153ur, sc\u00e9nographe, costumi\u00e8re et techniciens. Depuis 10 ans, iels cr\u00e9ent les spectacles<i> Op\u00e9ra Ap\u00e9ro<\/i>, construits \u00e0 partir du r\u00e9pertoire lyrique et visant \u00e0 d\u00e9sintimider l&#8217;op\u00e9ra aupr\u00e8s de tous les publics, notamment des publics emp\u00each\u00e9s, socialement ou g\u00e9ographiquement, loin des institutions culturelles et dans un cadre convivial. En r\u00e9sidence d&#8217;implantation territoriale en Seine Saint Denis depuis 2016, iels ont pos\u00e9 leurs valises exp\u00e9riment\u00e9 avec les habitant.e.s toutes les possibilit\u00e9s d&#8217;inclusions de ces dernier.e.s dans leurs cr\u00e9ations d&#8217;op\u00e9ras.\u00a0<\/p><p>Leurs partenaires sont multiples, tant \u00e0 l&#8217;\u00e9chelle locale et institutionnelle (DRAC, R\u00e9gion IDF, D\u00e9partement 93, CGET, Est-Ensemble, Ville de Romainville, de Noisy-le-Sec, de Montreuil, de Bobigny, des Lilas&#8230;, bailleurs sociaux), que plus largement en \u00cele de France et en R\u00e9gion.<\/p><p><a href=\"https:\/\/operaapero.wordpress.com\/\">\u2192 Le site Internet d&#8217;Op\u00e9ra Ap\u00e9ro<\/a><\/p><p>Pour mettre en oeuvre ce projet, la compagnie a mobilis\u00e9 l\u2019\u00e9quipe suivante :\u00a0<br \/>Direction artistique : Nicolas Slawny<br \/>Chant : Isabelle Savigny<br \/>Piano et chant : Claire Pigeot<\/p>\t\t\t\t\t\t<\/div>\n\t\t\t\t<\/div>\n\t\t\t\t\t<\/div>\n\t\t<\/div>\n\t\t\t\t<div class=\"elementor-column elementor-col-50 elementor-top-column elementor-element elementor-element-7830520\" data-id=\"7830520\" data-element_type=\"column\" data-settings=\"{&quot;background_background&quot;:&quot;classic&quot;}\">\n\t\t\t<div class=\"elementor-widget-wrap elementor-element-populated\">\n\t\t\t\t\t\t\t\t<div class=\"elementor-element elementor-element-c79532b elementor-widget elementor-widget-spacer\" data-id=\"c79532b\" data-element_type=\"widget\" data-widget_type=\"spacer.default\">\n\t\t\t\t<div class=\"elementor-widget-container\">\n\t\t\t\t\t<div class=\"elementor-spacer\">\n\t\t\t<div class=\"elementor-spacer-inner\"><\/div>\n\t\t<\/div>\n\t\t\t\t<\/div>\n\t\t\t\t<\/div>\n\t\t\t\t<div class=\"elementor-element elementor-element-3000445 elementor-widget elementor-widget-image\" data-id=\"3000445\" data-element_type=\"widget\" data-widget_type=\"image.default\">\n\t\t\t\t<div class=\"elementor-widget-container\">\n\t\t\t<style>\/*! elementor - v3.12.1 - 02-04-2023 *\/\n.elementor-widget-image{text-align:center}.elementor-widget-image a{display:inline-block}.elementor-widget-image a img[src$=\".svg\"]{width:48px}.elementor-widget-image img{vertical-align:middle;display:inline-block}<\/style>\t\t\t\t\t\t\t\t\t\t\t\t<img loading=\"lazy\" decoding=\"async\" width=\"842\" height=\"595\" src=\"https:\/\/transfert-vv93.esopa-productions.fr\/wp-content\/uploads\/2023\/03\/Copie-de-logo-noir-operapero.jpg\" class=\"attachment-large size-large wp-image-313\" alt=\"\" srcset=\"https:\/\/transfert-vv93.esopa-productions.fr\/wp-content\/uploads\/2023\/03\/Copie-de-logo-noir-operapero.jpg 842w, https:\/\/transfert-vv93.esopa-productions.fr\/wp-content\/uploads\/2023\/03\/Copie-de-logo-noir-operapero-300x212.jpg 300w, https:\/\/transfert-vv93.esopa-productions.fr\/wp-content\/uploads\/2023\/03\/Copie-de-logo-noir-operapero-768x543.jpg 768w\" sizes=\"auto, (max-width: 842px) 100vw, 842px\" \/>\t\t\t\t\t\t\t\t\t\t\t\t\t\t\t<\/div>\n\t\t\t\t<\/div>\n\t\t\t\t\t<\/div>\n\t\t<\/div>\n\t\t\t\t\t\t\t<\/div>\n\t\t<\/section>\n\t\t\t\t<section class=\"elementor-section elementor-top-section elementor-element elementor-element-a90413a elementor-section-boxed elementor-section-height-default elementor-section-height-default\" data-id=\"a90413a\" data-element_type=\"section\">\n\t\t\t\t\t\t<div class=\"elementor-container elementor-column-gap-default\">\n\t\t\t\t\t<div class=\"elementor-column elementor-col-100 elementor-top-column elementor-element elementor-element-0d3d755\" data-id=\"0d3d755\" data-element_type=\"column\">\n\t\t\t<div class=\"elementor-widget-wrap elementor-element-populated\">\n\t\t\t\t\t\t\t\t<div class=\"elementor-element elementor-element-4ed8322 elementor-widget elementor-widget-spacer\" data-id=\"4ed8322\" data-element_type=\"widget\" data-widget_type=\"spacer.default\">\n\t\t\t\t<div class=\"elementor-widget-container\">\n\t\t\t\t\t<div class=\"elementor-spacer\">\n\t\t\t<div class=\"elementor-spacer-inner\"><\/div>\n\t\t<\/div>\n\t\t\t\t<\/div>\n\t\t\t\t<\/div>\n\t\t\t\t\t<\/div>\n\t\t<\/div>\n\t\t\t\t\t\t\t<\/div>\n\t\t<\/section>\n\t\t\t\t\t\t\t<\/div>\n\t\t","protected":false},"excerpt":{"rendered":"<p>\u21b5 Retour \u00e0 la page d&#8217;accueil du parcours Cuisine et in-d\u00e9pendance Les intervenant.e.s POUR &#8220;CUISINE ET IN-D\u00c9PENDANCE&#8221; Ce parcours artistique a \u00e9t\u00e9 confi\u00e9 \u00e0 la compagnie Mouvement Art et Publics, qui d\u00e9veloppe le concept de d\u00e9sintimidation culturelle. Sous la direction artistique de Nicolas Slawny et sous la direction musicale d&#8217;Orlando Bass, la Compagnie est compos\u00e9e&hellip;&nbsp;<a href=\"https:\/\/transfert-vv93.esopa-productions.fr\/index.php\/opera-cuisine-noisy\/les-intervenants-opera-cuisine\/\" class=\"\" rel=\"bookmark\">Lire la suite &raquo;<span class=\"screen-reader-text\">Les intervenants pour Op\u00e9ra Cuisine et in-d\u00e9pendance<\/span><\/a><\/p>\n","protected":false},"author":1,"featured_media":0,"parent":2118,"menu_order":0,"comment_status":"closed","ping_status":"closed","template":"page-templates\/template-pagebuilder-full-width.php","meta":{"neve_meta_sidebar":"","neve_meta_container":"","neve_meta_enable_content_width":"","neve_meta_content_width":0,"neve_meta_title_alignment":"","neve_meta_author_avatar":"","neve_post_elements_order":"","neve_meta_disable_header":"","neve_meta_disable_footer":"","neve_meta_disable_title":"","footnotes":""},"class_list":["post-2141","page","type-page","status-publish","hentry"],"_links":{"self":[{"href":"https:\/\/transfert-vv93.esopa-productions.fr\/index.php\/wp-json\/wp\/v2\/pages\/2141","targetHints":{"allow":["GET"]}}],"collection":[{"href":"https:\/\/transfert-vv93.esopa-productions.fr\/index.php\/wp-json\/wp\/v2\/pages"}],"about":[{"href":"https:\/\/transfert-vv93.esopa-productions.fr\/index.php\/wp-json\/wp\/v2\/types\/page"}],"author":[{"embeddable":true,"href":"https:\/\/transfert-vv93.esopa-productions.fr\/index.php\/wp-json\/wp\/v2\/users\/1"}],"replies":[{"embeddable":true,"href":"https:\/\/transfert-vv93.esopa-productions.fr\/index.php\/wp-json\/wp\/v2\/comments?post=2141"}],"version-history":[{"count":16,"href":"https:\/\/transfert-vv93.esopa-productions.fr\/index.php\/wp-json\/wp\/v2\/pages\/2141\/revisions"}],"predecessor-version":[{"id":4489,"href":"https:\/\/transfert-vv93.esopa-productions.fr\/index.php\/wp-json\/wp\/v2\/pages\/2141\/revisions\/4489"}],"up":[{"embeddable":true,"href":"https:\/\/transfert-vv93.esopa-productions.fr\/index.php\/wp-json\/wp\/v2\/pages\/2118"}],"wp:attachment":[{"href":"https:\/\/transfert-vv93.esopa-productions.fr\/index.php\/wp-json\/wp\/v2\/media?parent=2141"}],"curies":[{"name":"wp","href":"https:\/\/api.w.org\/{rel}","templated":true}]}}