{"id":1422,"date":"2023-04-27T13:16:45","date_gmt":"2023-04-27T11:16:45","guid":{"rendered":"https:\/\/transfert-vv93.esopa-productions.fr\/?page_id=1422"},"modified":"2024-12-19T14:00:16","modified_gmt":"2024-12-19T13:00:16","slug":"les-intervenants-papote-et-popote","status":"publish","type":"page","link":"https:\/\/transfert-vv93.esopa-productions.fr\/index.php\/papoteetpopote\/les-intervenants-papote-et-popote\/","title":{"rendered":"Les intervenants papote et popote"},"content":{"rendered":"\t\t<div data-elementor-type=\"wp-page\" data-elementor-id=\"1422\" class=\"elementor elementor-1422\">\n\t\t\t\t\t\t\t\t\t<section class=\"elementor-section elementor-top-section elementor-element elementor-element-9372990 elementor-section-boxed elementor-section-height-default elementor-section-height-default\" data-id=\"9372990\" data-element_type=\"section\">\n\t\t\t\t\t\t<div class=\"elementor-container elementor-column-gap-default\">\n\t\t\t\t\t<div class=\"elementor-column elementor-col-100 elementor-top-column elementor-element elementor-element-2bcb466\" data-id=\"2bcb466\" data-element_type=\"column\">\n\t\t\t<div class=\"elementor-widget-wrap elementor-element-populated\">\n\t\t\t\t\t\t\t\t<div class=\"elementor-element elementor-element-cbced21 elementor-widget elementor-widget-spacer\" data-id=\"cbced21\" data-element_type=\"widget\" data-widget_type=\"spacer.default\">\n\t\t\t\t<div class=\"elementor-widget-container\">\n\t\t\t<style>\/*! elementor - v3.12.1 - 02-04-2023 *\/\n.elementor-column .elementor-spacer-inner{height:var(--spacer-size)}.e-con{--container-widget-width:100%}.e-con-inner>.elementor-widget-spacer,.e-con>.elementor-widget-spacer{width:var(--container-widget-width,var(--spacer-size));--align-self:var(--container-widget-align-self,initial);--flex-shrink:0}.e-con-inner>.elementor-widget-spacer>.elementor-widget-container,.e-con-inner>.elementor-widget-spacer>.elementor-widget-container>.elementor-spacer,.e-con>.elementor-widget-spacer>.elementor-widget-container,.e-con>.elementor-widget-spacer>.elementor-widget-container>.elementor-spacer{height:100%}.e-con-inner>.elementor-widget-spacer>.elementor-widget-container>.elementor-spacer>.elementor-spacer-inner,.e-con>.elementor-widget-spacer>.elementor-widget-container>.elementor-spacer>.elementor-spacer-inner{height:var(--container-widget-height,var(--spacer-size))}<\/style>\t\t<div class=\"elementor-spacer\">\n\t\t\t<div class=\"elementor-spacer-inner\"><\/div>\n\t\t<\/div>\n\t\t\t\t<\/div>\n\t\t\t\t<\/div>\n\t\t\t\t\t<\/div>\n\t\t<\/div>\n\t\t\t\t\t\t\t<\/div>\n\t\t<\/section>\n\t\t\t\t<section class=\"elementor-section elementor-top-section elementor-element elementor-element-376db7a elementor-section-boxed elementor-section-height-default elementor-section-height-default\" data-id=\"376db7a\" data-element_type=\"section\">\n\t\t\t\t\t\t<div class=\"elementor-container elementor-column-gap-default\">\n\t\t\t\t\t<div class=\"elementor-column elementor-col-100 elementor-top-column elementor-element elementor-element-8393359\" data-id=\"8393359\" data-element_type=\"column\">\n\t\t\t<div class=\"elementor-widget-wrap elementor-element-populated\">\n\t\t\t\t\t\t\t\t<div class=\"elementor-element elementor-element-6e5b507 elementor-widget elementor-widget-text-editor\" data-id=\"6e5b507\" data-element_type=\"widget\" data-widget_type=\"text-editor.default\">\n\t\t\t\t<div class=\"elementor-widget-container\">\n\t\t\t<style>\/*! elementor - v3.12.1 - 02-04-2023 *\/\n.elementor-widget-text-editor.elementor-drop-cap-view-stacked .elementor-drop-cap{background-color:#69727d;color:#fff}.elementor-widget-text-editor.elementor-drop-cap-view-framed .elementor-drop-cap{color:#69727d;border:3px solid;background-color:transparent}.elementor-widget-text-editor:not(.elementor-drop-cap-view-default) .elementor-drop-cap{margin-top:8px}.elementor-widget-text-editor:not(.elementor-drop-cap-view-default) .elementor-drop-cap-letter{width:1em;height:1em}.elementor-widget-text-editor .elementor-drop-cap{float:left;text-align:center;line-height:1;font-size:50px}.elementor-widget-text-editor .elementor-drop-cap-letter{display:inline-block}<\/style>\t\t\t\t<p><a href=\"https:\/\/transfert-vv93.esopa-productions.fr\/index.php\/papoteetpopote\/\">\u21b5 Retour \u00e0 la page d&#8217;accueil du parcours Papote et popote<\/a><\/p>\t\t\t\t\t\t<\/div>\n\t\t\t\t<\/div>\n\t\t\t\t\t<\/div>\n\t\t<\/div>\n\t\t\t\t\t\t\t<\/div>\n\t\t<\/section>\n\t\t\t\t<section class=\"elementor-section elementor-top-section elementor-element elementor-element-ee8d78d elementor-section-boxed elementor-section-height-default elementor-section-height-default\" data-id=\"ee8d78d\" data-element_type=\"section\">\n\t\t\t\t\t\t\t<div class=\"elementor-background-overlay\"><\/div>\n\t\t\t\t\t\t\t<div class=\"elementor-container elementor-column-gap-default\">\n\t\t\t\t\t<div class=\"elementor-column elementor-col-50 elementor-top-column elementor-element elementor-element-165b654\" data-id=\"165b654\" data-element_type=\"column\" data-settings=\"{&quot;background_background&quot;:&quot;classic&quot;}\">\n\t\t\t<div class=\"elementor-widget-wrap elementor-element-populated\">\n\t\t\t\t\t\t\t\t<div class=\"elementor-element elementor-element-98c7c83 elementor-widget__width-initial elementor-widget elementor-widget-heading\" data-id=\"98c7c83\" data-element_type=\"widget\" data-widget_type=\"heading.default\">\n\t\t\t\t<div class=\"elementor-widget-container\">\n\t\t\t<style>\/*! elementor - v3.12.1 - 02-04-2023 *\/\n.elementor-heading-title{padding:0;margin:0;line-height:1}.elementor-widget-heading .elementor-heading-title[class*=elementor-size-]>a{color:inherit;font-size:inherit;line-height:inherit}.elementor-widget-heading .elementor-heading-title.elementor-size-small{font-size:15px}.elementor-widget-heading .elementor-heading-title.elementor-size-medium{font-size:19px}.elementor-widget-heading .elementor-heading-title.elementor-size-large{font-size:29px}.elementor-widget-heading .elementor-heading-title.elementor-size-xl{font-size:39px}.elementor-widget-heading .elementor-heading-title.elementor-size-xxl{font-size:59px}<\/style><h2 class=\"elementor-heading-title elementor-size-default\">L'INTERVENANTE POUR \"PAPOTE ET POPOTE\"<\/h2>\t\t<\/div>\n\t\t\t\t<\/div>\n\t\t\t\t\t<\/div>\n\t\t<\/div>\n\t\t\t\t<div class=\"elementor-column elementor-col-50 elementor-top-column elementor-element elementor-element-25609d4\" data-id=\"25609d4\" data-element_type=\"column\" data-settings=\"{&quot;background_background&quot;:&quot;classic&quot;}\">\n\t\t\t<div class=\"elementor-widget-wrap\">\n\t\t\t\t\t\t\t\t\t<\/div>\n\t\t<\/div>\n\t\t\t\t\t\t\t<\/div>\n\t\t<\/section>\n\t\t\t\t<section class=\"elementor-section elementor-top-section elementor-element elementor-element-11d1e72 elementor-section-boxed elementor-section-height-default elementor-section-height-default\" data-id=\"11d1e72\" data-element_type=\"section\" data-settings=\"{&quot;background_background&quot;:&quot;classic&quot;}\">\n\t\t\t\t\t\t<div class=\"elementor-container elementor-column-gap-default\">\n\t\t\t\t\t<div class=\"elementor-column elementor-col-50 elementor-top-column elementor-element elementor-element-4ddf84f\" data-id=\"4ddf84f\" data-element_type=\"column\" data-settings=\"{&quot;background_background&quot;:&quot;classic&quot;}\">\n\t\t\t<div class=\"elementor-widget-wrap elementor-element-populated\">\n\t\t\t\t\t\t\t\t<div class=\"elementor-element elementor-element-1f42de3 elementor-widget elementor-widget-text-editor\" data-id=\"1f42de3\" data-element_type=\"widget\" data-widget_type=\"text-editor.default\">\n\t\t\t\t<div class=\"elementor-widget-container\">\n\t\t\t\t\t\t\t<p>Ce projet artistique a \u00e9t\u00e9 confi\u00e9 \u00e0 <a href=\"https:\/\/drive.google.com\/file\/d\/1AYO4buxE7fNhYsN_saGEcR2LXQTIjGBy\/view?usp=share_link\">Emmanuelle Pardini<\/a>.\u00a0<\/p><p>Apr\u00e8s avoir travaill\u00e9 8 ans \u00e0 la Direction du D\u00e9veloppement \u00c9conomique du Centre des Monuments nationaux, Emmanuelle d\u00e9cide de cr\u00e9er A PAPINA afin de promouvoir le patrimoine culinaire des territoires. \u00c0 travers l\u2019organisation d\u2019ateliers de d\u00e9couverte alimentaire, elle souhaite valoriser le patrimoine mat\u00e9riel et immat\u00e9riel li\u00e9 \u00e0 la gastronomie : paysages, b\u00e2timents, savoir-faire, l\u00e9gendes\u2026 En parall\u00e8le, elle a co-cr\u00e9\u00e9 une revue documentaire, <i>L\u2019\u00e9pop\u00e9e<\/i>, qui explore le territoire \u00e0 travers les yeux de nos a\u00een\u00e9s. Le fil narratif biographique est agr\u00e9ment\u00e9 de compl\u00e9ments documentaires. Des points touristiques, gastronomiques, historiques et anecdotiques viennent ponctuer le r\u00e9cit du h\u00e9ros. Enqu\u00eates et contributions s\u2019ajoutent et r\u00e9v\u00e8lent aux lecteurs un territoire en mouvement, ses richesses et ses enjeux.<\/p><p><a href=\"https:\/\/www.revue-lepopee.fr\/\">https:\/\/www.revue-lepopee.fr\/<\/a><\/p>\t\t\t\t\t\t<\/div>\n\t\t\t\t<\/div>\n\t\t\t\t\t<\/div>\n\t\t<\/div>\n\t\t\t\t<div class=\"elementor-column elementor-col-50 elementor-top-column elementor-element elementor-element-7830520\" data-id=\"7830520\" data-element_type=\"column\" data-settings=\"{&quot;background_background&quot;:&quot;classic&quot;}\">\n\t\t\t<div class=\"elementor-widget-wrap elementor-element-populated\">\n\t\t\t\t\t\t\t\t<div class=\"elementor-element elementor-element-b484a54 elementor-widget elementor-widget-spacer\" data-id=\"b484a54\" data-element_type=\"widget\" data-widget_type=\"spacer.default\">\n\t\t\t\t<div class=\"elementor-widget-container\">\n\t\t\t\t\t<div class=\"elementor-spacer\">\n\t\t\t<div class=\"elementor-spacer-inner\"><\/div>\n\t\t<\/div>\n\t\t\t\t<\/div>\n\t\t\t\t<\/div>\n\t\t\t\t<div class=\"elementor-element elementor-element-3000445 elementor-widget elementor-widget-image\" data-id=\"3000445\" data-element_type=\"widget\" data-widget_type=\"image.default\">\n\t\t\t\t<div class=\"elementor-widget-container\">\n\t\t\t<style>\/*! elementor - v3.12.1 - 02-04-2023 *\/\n.elementor-widget-image{text-align:center}.elementor-widget-image a{display:inline-block}.elementor-widget-image a img[src$=\".svg\"]{width:48px}.elementor-widget-image img{vertical-align:middle;display:inline-block}<\/style>\t\t\t\t\t\t\t\t\t\t\t\t<img loading=\"lazy\" decoding=\"async\" width=\"714\" height=\"187\" src=\"https:\/\/transfert-vv93.esopa-productions.fr\/wp-content\/uploads\/2023\/04\/siteon0.png\" class=\"attachment-large size-large wp-image-1424\" alt=\"\" srcset=\"https:\/\/transfert-vv93.esopa-productions.fr\/wp-content\/uploads\/2023\/04\/siteon0.png 714w, https:\/\/transfert-vv93.esopa-productions.fr\/wp-content\/uploads\/2023\/04\/siteon0-300x79.png 300w\" sizes=\"auto, (max-width: 714px) 100vw, 714px\" \/>\t\t\t\t\t\t\t\t\t\t\t\t\t\t\t<\/div>\n\t\t\t\t<\/div>\n\t\t\t\t\t<\/div>\n\t\t<\/div>\n\t\t\t\t\t\t\t<\/div>\n\t\t<\/section>\n\t\t\t\t<section class=\"elementor-section elementor-top-section elementor-element elementor-element-a275490 elementor-section-boxed elementor-section-height-default elementor-section-height-default\" data-id=\"a275490\" data-element_type=\"section\">\n\t\t\t\t\t\t<div class=\"elementor-container elementor-column-gap-default\">\n\t\t\t\t\t<div class=\"elementor-column elementor-col-100 elementor-top-column elementor-element elementor-element-6aeef6f\" data-id=\"6aeef6f\" data-element_type=\"column\">\n\t\t\t<div class=\"elementor-widget-wrap elementor-element-populated\">\n\t\t\t\t\t\t\t\t<div class=\"elementor-element elementor-element-20e80bd elementor-widget elementor-widget-spacer\" data-id=\"20e80bd\" data-element_type=\"widget\" data-widget_type=\"spacer.default\">\n\t\t\t\t<div class=\"elementor-widget-container\">\n\t\t\t\t\t<div class=\"elementor-spacer\">\n\t\t\t<div class=\"elementor-spacer-inner\"><\/div>\n\t\t<\/div>\n\t\t\t\t<\/div>\n\t\t\t\t<\/div>\n\t\t\t\t\t<\/div>\n\t\t<\/div>\n\t\t\t\t\t\t\t<\/div>\n\t\t<\/section>\n\t\t\t\t\t\t\t<\/div>\n\t\t","protected":false},"excerpt":{"rendered":"<p>\u21b5 Retour \u00e0 la page d&#8217;accueil du parcours Papote et popote L&#8217;INTERVENANTE POUR &#8220;PAPOTE ET POPOTE&#8221; Ce projet artistique a \u00e9t\u00e9 confi\u00e9 \u00e0 Emmanuelle Pardini.\u00a0 Apr\u00e8s avoir travaill\u00e9 8 ans \u00e0 la Direction du D\u00e9veloppement \u00c9conomique du Centre des Monuments nationaux, Emmanuelle d\u00e9cide de cr\u00e9er A PAPINA afin de promouvoir le patrimoine culinaire des territoires.&hellip;&nbsp;<a href=\"https:\/\/transfert-vv93.esopa-productions.fr\/index.php\/papoteetpopote\/les-intervenants-papote-et-popote\/\" class=\"\" rel=\"bookmark\">Lire la suite &raquo;<span class=\"screen-reader-text\">Les intervenants papote et popote<\/span><\/a><\/p>\n","protected":false},"author":1,"featured_media":0,"parent":882,"menu_order":0,"comment_status":"closed","ping_status":"closed","template":"page-templates\/template-pagebuilder-full-width.php","meta":{"neve_meta_sidebar":"","neve_meta_container":"","neve_meta_enable_content_width":"","neve_meta_content_width":0,"neve_meta_title_alignment":"","neve_meta_author_avatar":"","neve_post_elements_order":"","neve_meta_disable_header":"","neve_meta_disable_footer":"","neve_meta_disable_title":"","footnotes":""},"class_list":["post-1422","page","type-page","status-publish","hentry"],"_links":{"self":[{"href":"https:\/\/transfert-vv93.esopa-productions.fr\/index.php\/wp-json\/wp\/v2\/pages\/1422","targetHints":{"allow":["GET"]}}],"collection":[{"href":"https:\/\/transfert-vv93.esopa-productions.fr\/index.php\/wp-json\/wp\/v2\/pages"}],"about":[{"href":"https:\/\/transfert-vv93.esopa-productions.fr\/index.php\/wp-json\/wp\/v2\/types\/page"}],"author":[{"embeddable":true,"href":"https:\/\/transfert-vv93.esopa-productions.fr\/index.php\/wp-json\/wp\/v2\/users\/1"}],"replies":[{"embeddable":true,"href":"https:\/\/transfert-vv93.esopa-productions.fr\/index.php\/wp-json\/wp\/v2\/comments?post=1422"}],"version-history":[{"count":37,"href":"https:\/\/transfert-vv93.esopa-productions.fr\/index.php\/wp-json\/wp\/v2\/pages\/1422\/revisions"}],"predecessor-version":[{"id":4764,"href":"https:\/\/transfert-vv93.esopa-productions.fr\/index.php\/wp-json\/wp\/v2\/pages\/1422\/revisions\/4764"}],"up":[{"embeddable":true,"href":"https:\/\/transfert-vv93.esopa-productions.fr\/index.php\/wp-json\/wp\/v2\/pages\/882"}],"wp:attachment":[{"href":"https:\/\/transfert-vv93.esopa-productions.fr\/index.php\/wp-json\/wp\/v2\/media?parent=1422"}],"curies":[{"name":"wp","href":"https:\/\/api.w.org\/{rel}","templated":true}]}}