{"id":1322,"date":"2023-04-21T16:58:10","date_gmt":"2023-04-21T14:58:10","guid":{"rendered":"https:\/\/transfert-vv93.esopa-productions.fr\/?page_id=1322"},"modified":"2025-05-28T10:54:15","modified_gmt":"2025-05-28T08:54:15","slug":"les-intervenants-le-fil-rosny","status":"publish","type":"page","link":"https:\/\/transfert-vv93.esopa-productions.fr\/index.php\/fil-rosny-sous-bois\/les-intervenants-le-fil-rosny\/","title":{"rendered":"Les intervenants pour Le Fil \u00e0 Rosny"},"content":{"rendered":"\t\t<div data-elementor-type=\"wp-page\" data-elementor-id=\"1322\" class=\"elementor elementor-1322\">\n\t\t\t\t\t\t\t\t\t<section class=\"elementor-section elementor-top-section elementor-element elementor-element-9372990 elementor-section-boxed elementor-section-height-default elementor-section-height-default\" data-id=\"9372990\" data-element_type=\"section\">\n\t\t\t\t\t\t<div class=\"elementor-container elementor-column-gap-default\">\n\t\t\t\t\t<div class=\"elementor-column elementor-col-100 elementor-top-column elementor-element elementor-element-2bcb466\" data-id=\"2bcb466\" data-element_type=\"column\">\n\t\t\t<div class=\"elementor-widget-wrap elementor-element-populated\">\n\t\t\t\t\t\t\t\t<div class=\"elementor-element elementor-element-cbced21 elementor-widget elementor-widget-spacer\" data-id=\"cbced21\" data-element_type=\"widget\" data-widget_type=\"spacer.default\">\n\t\t\t\t<div class=\"elementor-widget-container\">\n\t\t\t<style>\/*! elementor - v3.12.1 - 02-04-2023 *\/\n.elementor-column .elementor-spacer-inner{height:var(--spacer-size)}.e-con{--container-widget-width:100%}.e-con-inner>.elementor-widget-spacer,.e-con>.elementor-widget-spacer{width:var(--container-widget-width,var(--spacer-size));--align-self:var(--container-widget-align-self,initial);--flex-shrink:0}.e-con-inner>.elementor-widget-spacer>.elementor-widget-container,.e-con-inner>.elementor-widget-spacer>.elementor-widget-container>.elementor-spacer,.e-con>.elementor-widget-spacer>.elementor-widget-container,.e-con>.elementor-widget-spacer>.elementor-widget-container>.elementor-spacer{height:100%}.e-con-inner>.elementor-widget-spacer>.elementor-widget-container>.elementor-spacer>.elementor-spacer-inner,.e-con>.elementor-widget-spacer>.elementor-widget-container>.elementor-spacer>.elementor-spacer-inner{height:var(--container-widget-height,var(--spacer-size))}<\/style>\t\t<div class=\"elementor-spacer\">\n\t\t\t<div class=\"elementor-spacer-inner\"><\/div>\n\t\t<\/div>\n\t\t\t\t<\/div>\n\t\t\t\t<\/div>\n\t\t\t\t\t<\/div>\n\t\t<\/div>\n\t\t\t\t\t\t\t<\/div>\n\t\t<\/section>\n\t\t\t\t<section class=\"elementor-section elementor-top-section elementor-element elementor-element-68a0b09 elementor-section-boxed elementor-section-height-default elementor-section-height-default\" data-id=\"68a0b09\" data-element_type=\"section\">\n\t\t\t\t\t\t<div class=\"elementor-container elementor-column-gap-default\">\n\t\t\t\t\t<div class=\"elementor-column elementor-col-100 elementor-top-column elementor-element elementor-element-2f66ac0\" data-id=\"2f66ac0\" data-element_type=\"column\">\n\t\t\t<div class=\"elementor-widget-wrap elementor-element-populated\">\n\t\t\t\t\t\t\t\t<div class=\"elementor-element elementor-element-7d45010 elementor-widget elementor-widget-text-editor\" data-id=\"7d45010\" data-element_type=\"widget\" data-widget_type=\"text-editor.default\">\n\t\t\t\t<div class=\"elementor-widget-container\">\n\t\t\t<style>\/*! elementor - v3.12.1 - 02-04-2023 *\/\n.elementor-widget-text-editor.elementor-drop-cap-view-stacked .elementor-drop-cap{background-color:#69727d;color:#fff}.elementor-widget-text-editor.elementor-drop-cap-view-framed .elementor-drop-cap{color:#69727d;border:3px solid;background-color:transparent}.elementor-widget-text-editor:not(.elementor-drop-cap-view-default) .elementor-drop-cap{margin-top:8px}.elementor-widget-text-editor:not(.elementor-drop-cap-view-default) .elementor-drop-cap-letter{width:1em;height:1em}.elementor-widget-text-editor .elementor-drop-cap{float:left;text-align:center;line-height:1;font-size:50px}.elementor-widget-text-editor .elementor-drop-cap-letter{display:inline-block}<\/style>\t\t\t\t<p><a href=\"https:\/\/transfert-vv93.esopa-productions.fr\/index.php\/fil-rosny-sous-bois\/\">\u21b5 Retour \u00e0 la page d&#8217;accueil du parcours Le Fil<\/a><\/p>\t\t\t\t\t\t<\/div>\n\t\t\t\t<\/div>\n\t\t\t\t\t<\/div>\n\t\t<\/div>\n\t\t\t\t\t\t\t<\/div>\n\t\t<\/section>\n\t\t\t\t<section class=\"elementor-section elementor-top-section elementor-element elementor-element-957bcc4 elementor-section-boxed elementor-section-height-default elementor-section-height-default\" data-id=\"957bcc4\" data-element_type=\"section\">\n\t\t\t\t\t\t\t<div class=\"elementor-background-overlay\"><\/div>\n\t\t\t\t\t\t\t<div class=\"elementor-container elementor-column-gap-default\">\n\t\t\t\t\t<div class=\"elementor-column elementor-col-50 elementor-top-column elementor-element elementor-element-492babc\" data-id=\"492babc\" data-element_type=\"column\" data-settings=\"{&quot;background_background&quot;:&quot;classic&quot;}\">\n\t\t\t<div class=\"elementor-widget-wrap elementor-element-populated\">\n\t\t\t\t\t\t\t\t<div class=\"elementor-element elementor-element-91ec804 elementor-widget__width-initial elementor-widget elementor-widget-heading\" data-id=\"91ec804\" data-element_type=\"widget\" data-widget_type=\"heading.default\">\n\t\t\t\t<div class=\"elementor-widget-container\">\n\t\t\t<style>\/*! elementor - v3.12.1 - 02-04-2023 *\/\n.elementor-heading-title{padding:0;margin:0;line-height:1}.elementor-widget-heading .elementor-heading-title[class*=elementor-size-]>a{color:inherit;font-size:inherit;line-height:inherit}.elementor-widget-heading .elementor-heading-title.elementor-size-small{font-size:15px}.elementor-widget-heading .elementor-heading-title.elementor-size-medium{font-size:19px}.elementor-widget-heading .elementor-heading-title.elementor-size-large{font-size:29px}.elementor-widget-heading .elementor-heading-title.elementor-size-xl{font-size:39px}.elementor-widget-heading .elementor-heading-title.elementor-size-xxl{font-size:59px}<\/style><h2 class=\"elementor-heading-title elementor-size-default\">LES INTERVENANT.e.S<\/h2>\t\t<\/div>\n\t\t\t\t<\/div>\n\t\t\t\t\t<\/div>\n\t\t<\/div>\n\t\t\t\t<div class=\"elementor-column elementor-col-50 elementor-top-column elementor-element elementor-element-43ebfc7\" data-id=\"43ebfc7\" data-element_type=\"column\" data-settings=\"{&quot;background_background&quot;:&quot;classic&quot;}\">\n\t\t\t<div class=\"elementor-widget-wrap\">\n\t\t\t\t\t\t\t\t\t<\/div>\n\t\t<\/div>\n\t\t\t\t\t\t\t<\/div>\n\t\t<\/section>\n\t\t\t\t<section class=\"elementor-section elementor-top-section elementor-element elementor-element-11d1e72 elementor-section-boxed elementor-section-height-default elementor-section-height-default\" data-id=\"11d1e72\" data-element_type=\"section\" data-settings=\"{&quot;background_background&quot;:&quot;classic&quot;}\">\n\t\t\t\t\t\t<div class=\"elementor-container elementor-column-gap-default\">\n\t\t\t\t\t<div class=\"elementor-column elementor-col-50 elementor-top-column elementor-element elementor-element-4ddf84f\" data-id=\"4ddf84f\" data-element_type=\"column\" data-settings=\"{&quot;background_background&quot;:&quot;classic&quot;}\">\n\t\t\t<div class=\"elementor-widget-wrap elementor-element-populated\">\n\t\t\t\t\t\t\t\t<div class=\"elementor-element elementor-element-1f42de3 elementor-widget elementor-widget-text-editor\" data-id=\"1f42de3\" data-element_type=\"widget\" data-widget_type=\"text-editor.default\">\n\t\t\t\t<div class=\"elementor-widget-container\">\n\t\t\t\t\t\t\t<p>ADADA est un collectif de th\u00e9\u00e2tre en espaces publics au sein duquel collaborent acteur\u00b7ices, sc\u00e9nographes, constructeur\u00b7ices, pyrotechnicien\u00b7nes et musicien\u00b7nes. ADADA cr\u00e9\u00e9 en rue, en eau, en garage, des univers o\u00f9 l\u2019acteur\u00b7ice est au centre du th\u00e9\u00e2tre, o\u00f9 la sc\u00e9nographie est un personnage, o\u00f9 se croisent clowns et fant\u00f4mes, entre Nosferatu et Tex Avery\u2026 Le collectif, men\u00e9 par Fanny Decoust, na\u00eet en 2007 avec la cr\u00e9ation d\u2019\u00ab \u00c9pop\u00e9e &#8211; histoire du th\u00e9\u00e2tre en 60mn\u00bb, jou\u00e9 une centaine de fois. En 2013 sort \u00ab Hot House \u00bb d\u2019Harold Pinter dans un castelet pour trois acteur\u00b7ices et tous types d\u2019espaces. En 2013 toujours, \u00ab Navis \u00bb, performance aquatique pour deux personnages et un bateau de papier. En 2019, \u00ab An Apple A Day \u00bb, duo entre une com\u00e9dienne et un tas de pommes de 4 m\u00e8tres de haut. En 2020, \u00abChass\u00e9 Crois\u00e9\u00bb, jeu de piste urbain m\u00ealant aventures et approche plastique du quartier, et donnant lieu \u00e0 un guide du 20e r\u00e9dig\u00e9 par les jeunes de l\u2019EPJ Davout. En 2021, ADADA cr\u00e9\u00e9 \u00ab La rivi\u00e8re qui&#8230; \u00bb, un spectacle contextuel initi\u00e9 par la saison 6 de \u00ab Bi\u00e8vre imaginaire(s) \u00bb avec Des Ricochets sur les pav\u00e9s. En 2022, Fanny Decoust entame l\u2019\u00e9criture du prochain spectacle du collectif, <span style=\"letter-spacing: 0.2px; text-transform: var(--bodytexttransform);\">\u00ab\u00a0<\/span><span style=\"letter-spacing: var(--bodyletterspacing); text-transform: var(--bodytexttransform);\">Bzzzzz\u00a0<\/span><span style=\"letter-spacing: 0.2px; text-transform: var(--bodytexttransform);\">\u00bb<\/span><span style=\"letter-spacing: var(--bodyletterspacing); text-transform: var(--bodytexttransform);\">, champ d\u2019investigation sur la p\u00e9n\u00e9tration des dipt\u00e8res.\u00a0<\/span><\/p>\t\t\t\t\t\t<\/div>\n\t\t\t\t<\/div>\n\t\t\t\t\t<\/div>\n\t\t<\/div>\n\t\t\t\t<div class=\"elementor-column elementor-col-50 elementor-top-column elementor-element elementor-element-7830520\" data-id=\"7830520\" data-element_type=\"column\" data-settings=\"{&quot;background_background&quot;:&quot;classic&quot;}\">\n\t\t\t<div class=\"elementor-widget-wrap elementor-element-populated\">\n\t\t\t\t\t\t\t\t<div class=\"elementor-element elementor-element-3000445 elementor-widget elementor-widget-image\" data-id=\"3000445\" data-element_type=\"widget\" data-widget_type=\"image.default\">\n\t\t\t\t<div class=\"elementor-widget-container\">\n\t\t\t<style>\/*! elementor - v3.12.1 - 02-04-2023 *\/\n.elementor-widget-image{text-align:center}.elementor-widget-image a{display:inline-block}.elementor-widget-image a img[src$=\".svg\"]{width:48px}.elementor-widget-image img{vertical-align:middle;display:inline-block}<\/style>\t\t\t\t\t\t\t\t\t\t\t\t<img loading=\"lazy\" decoding=\"async\" width=\"1024\" height=\"1024\" src=\"https:\/\/transfert-vv93.esopa-productions.fr\/wp-content\/uploads\/2023\/04\/logo_adada-1024x1024.webp\" class=\"attachment-large size-large wp-image-849\" alt=\"\" srcset=\"https:\/\/transfert-vv93.esopa-productions.fr\/wp-content\/uploads\/2023\/04\/logo_adada-1024x1024.webp 1024w, https:\/\/transfert-vv93.esopa-productions.fr\/wp-content\/uploads\/2023\/04\/logo_adada-300x300.webp 300w, https:\/\/transfert-vv93.esopa-productions.fr\/wp-content\/uploads\/2023\/04\/logo_adada-150x150.webp 150w, https:\/\/transfert-vv93.esopa-productions.fr\/wp-content\/uploads\/2023\/04\/logo_adada-768x768.webp 768w, https:\/\/transfert-vv93.esopa-productions.fr\/wp-content\/uploads\/2023\/04\/logo_adada.webp 1370w\" sizes=\"auto, (max-width: 1024px) 100vw, 1024px\" \/>\t\t\t\t\t\t\t\t\t\t\t\t\t\t\t<\/div>\n\t\t\t\t<\/div>\n\t\t\t\t\t<\/div>\n\t\t<\/div>\n\t\t\t\t\t\t\t<\/div>\n\t\t<\/section>\n\t\t\t\t<section class=\"elementor-section elementor-top-section elementor-element elementor-element-2582026 elementor-section-boxed elementor-section-height-default elementor-section-height-default\" data-id=\"2582026\" data-element_type=\"section\">\n\t\t\t\t\t\t<div class=\"elementor-container elementor-column-gap-default\">\n\t\t\t\t\t<div class=\"elementor-column elementor-col-100 elementor-top-column elementor-element elementor-element-9b473c9\" data-id=\"9b473c9\" data-element_type=\"column\" data-settings=\"{&quot;background_background&quot;:&quot;classic&quot;}\">\n\t\t\t<div class=\"elementor-widget-wrap elementor-element-populated\">\n\t\t\t\t\t\t\t\t<div class=\"elementor-element elementor-element-67b92c2 elementor-widget elementor-widget-text-editor\" data-id=\"67b92c2\" data-element_type=\"widget\" data-widget_type=\"text-editor.default\">\n\t\t\t\t<div class=\"elementor-widget-container\">\n\t\t\t\t\t\t\t<p>Au fil de ces aventures, ADADA travaille aussi \u00e0 des projets plus hybrides, souvent avec la complicit\u00e9 d\u2019Esopa Productions, partenaire d\u2019inventions et de mode d\u2019interventions th\u00e9\u00e2trales et urbaines&#8230; (\u00ab Le grand inventaire \u00bb, performance de 3h pour une actrice, une ville et un bureau de designer-architectes ; \u00ab Partage de donn\u00e9es \u00bb, restitution immersive de recherche-action sociologique).<\/p><p>De 2006 \u00e0 2011, ADADA a mont\u00e9 et organis\u00e9 le festival\u00a0<span style=\"letter-spacing: 0.2px;\">\u00ab\u00a0<\/span>Du Show en Hivers\u00a0<span style=\"letter-spacing: 0.2px; text-transform: var(--bodytexttransform);\">\u00bb<\/span><span style=\"letter-spacing: var(--bodyletterspacing); text-transform: var(--bodytexttransform);\"> aux Ar\u00e8nes de Nanterre. Depuis sa cr\u00e9ation, le collectif a propos\u00e9 des ateliers de th\u00e9\u00e2tre pour enfants, adolescent\u00b7es ou adultes \u00e0 Montreuil (93) et \u00e0 Paris. Il a aussi travaill\u00e9 avec l\u2019Association F.A.R. (Sevran, 93). En janvier 2007, avec l\u2019Atelier 231, il a anim\u00e9 des ateliers dans le cadre de classes \u00e0 PAC \u00e0 Sotteville-l\u00e8s-Rouen. En 2014-2016, il a donn\u00e9 un cycle de cours annuel intitul\u00e9 \u00ab Le Laboratoire \u00bb au th\u00e9\u00e2tre du Lucernaire, Centre national d\u2019art et d\u2019essai (Benjamin Bernard, Fanny Decoust et Gregory Corre). Bas\u00e9 \u00e0 Montreuil (93), ADADA est accueilli depuis 2018 chez Les Noctambules de Nanterre, lieu de Fabrique des Arts de la rue et du cirque, o\u00f9 il profite d\u2019un espace de stockage et de travail.<\/span><\/p><p>Le collectif Adada est associ\u00e9 \u00e0 Esopa Productions depuis sa cr\u00e9ation.\u00a0\u00a0<\/p><p>\u2192 <a href=\"https:\/\/collectif-adada.com\/le-collectif\/\">Leur site Internet<\/a><\/p><p>Pour mettre en \u0153uvre ce projet, la compagnie a mobilis\u00e9 l\u2019\u00e9quipe suivante:\u00a0<\/p><ul><li aria-level=\"1\"><a href=\"https:\/\/drive.google.com\/file\/d\/1fb9bTHwB51ZIOsLtGl8Yrrfbgsv96hWG\/view?usp=share_link\">Fanny Decoust<\/a>, Com\u00e9dienne et directrice artistique.<br \/>Fanny Decoust, qui m\u00e8ne le collectif, est une com\u00e9dienne amatrice d\u2019aventures en tous genres : th\u00e9\u00e2tre, cirque, mais aussi navigation, soudure&#8230; Loin de l\u2019\u00e9parpiller, cette mobilit\u00e9 lui a appris \u00e0 aimer un ensemble et pas une place. Son travail est guid\u00e9 par le rapport \u00e0 l\u2019espace public, la dimension plastique et le jeu physique.<\/li><li aria-level=\"1\"><a href=\"https:\/\/drive.google.com\/file\/d\/13usvfJOznoXfYcT9JUtI5vTq2DA_og2x\/view?usp=share_link\">Gregory Corre<\/a>, Com\u00e9dien.<br \/>Au th\u00e9\u00e2tre, Gregory Corre joue sous la direction d\u2019Aur\u00e9lie Van Den Daele (Deug Doen Group), Axel Dhrey (Les moutons noirs) Daniel Mesguich, Val\u00e9ry Forestier, Violaine Arsac\u2026 etc.<br \/>Il fait \u00e9galement partie de la compagnie Num\u00e9ro 8, dirig\u00e9e par Alexandre Pavlata. Avec sa compagnie Adada, il a cr\u00e9\u00e9 Hot House au Lucernaire, et participe aux divers projets de th\u00e9\u00e2tre de rue imagin\u00e9s par ses partenaires Fanny Decoust et Benjamin Bernard.<br \/>Il a aussi \u00e9crit aussi pour le th\u00e9\u00e2tre, notamment <em>Les M\u00e9moires de Paul Palandin<\/em>, sa premi\u00e8re pi\u00e8ce, cr\u00e9\u00e9e au Festival d\u2019Avignon en 2022.<\/li><li aria-level=\"1\"><a href=\"https:\/\/drive.google.com\/file\/d\/15t3jL_vXMtTTzO98MYBPKJb-uB4q5KpN\/view?usp=share_link\">Benjamin Bernard<\/a>, Com\u00e9dien.<br \/>Com\u00e9dien, Benjamin Bernard suit une formation \u00e0 L&#8217;\u00e9cole le Samovar durant 4 ans. Il y travaille le texte, le clown et le corps avec Philippe Dormoy, Patrick Haggiag, Ami Hattab, Franck Dinet et Jos Houben. Divers stages lui permettent de perfectionner son jeu d&#8217;acteur, en particulier \u00e0 l&#8217;Acad\u00e9mie Nationale des Arts Dramatiques de Minsk en Bi\u00e9lorussie. Depuis 1999, il joue r\u00e9guli\u00e8rement dans plusieurs cr\u00e9ations th\u00e9\u00e2trales. Citons r\u00e9cemment <i>L\u2019Avare<\/i> de Moli\u00e8re, cr\u00e9ation soutenue par les Tr\u00e9teaux de France, <i>Ubu Roi<\/i> d\u2019Alferd Jarry, <i>Nassreddine Hodja<\/i>, mise en sc\u00e8ne par Val\u00e9ry Forestier pour la Cie Le Commun des Mortels. Parall\u00e8lement, il joue <i>Garden Party<\/i>, <i>Monstre(s) d\u2019humanit\u00e9<\/i>, mise en sc\u00e8ne d\u2019Alexandre Pavlata, et cr\u00e9e d\u2019autres spectacles avec La Compagnie N\u00b08. Il est com\u00e9dien associ\u00e9 au Cirque du Soleil depuis 2006. En Rue, il cr\u00e9e la Cie Acides Anim\u00e9s en 2005 autour du travail burlesque et de la com\u00e9die physique, et co\u00e9crit le spectacle <i>Les Flantaisites<\/i>. En parall\u00e8le, il travaille avec la Compagnie Ilotopie et Le Collectif Adada. Depuis 15 ans, il participe et co-dirige l\u2019association F\u00e9minisme Enjeux, qui pratique la m\u00e9thode du Th\u00e9\u00e2tre de l\u2019Opprim\u00e9 pour lutter contre les in\u00e9galit\u00e9s entre les femmes et les hommes et pr\u00e9venir des violences faites aux femmes. La compagnie est soutenue par l\u2019observatoire des violence faites aux femmes et la r\u00e9gion de Seine-Saint-Denis.<\/li><\/ul>\t\t\t\t\t\t<\/div>\n\t\t\t\t<\/div>\n\t\t\t\t\t<\/div>\n\t\t<\/div>\n\t\t\t\t\t\t\t<\/div>\n\t\t<\/section>\n\t\t\t\t<section class=\"elementor-section elementor-top-section elementor-element elementor-element-a275490 elementor-section-boxed elementor-section-height-default elementor-section-height-default\" data-id=\"a275490\" data-element_type=\"section\">\n\t\t\t\t\t\t<div class=\"elementor-container elementor-column-gap-default\">\n\t\t\t\t\t<div class=\"elementor-column elementor-col-100 elementor-top-column elementor-element elementor-element-6aeef6f\" data-id=\"6aeef6f\" data-element_type=\"column\">\n\t\t\t<div class=\"elementor-widget-wrap elementor-element-populated\">\n\t\t\t\t\t\t\t\t<div class=\"elementor-element elementor-element-20e80bd elementor-widget elementor-widget-spacer\" data-id=\"20e80bd\" data-element_type=\"widget\" data-widget_type=\"spacer.default\">\n\t\t\t\t<div class=\"elementor-widget-container\">\n\t\t\t\t\t<div class=\"elementor-spacer\">\n\t\t\t<div class=\"elementor-spacer-inner\"><\/div>\n\t\t<\/div>\n\t\t\t\t<\/div>\n\t\t\t\t<\/div>\n\t\t\t\t\t<\/div>\n\t\t<\/div>\n\t\t\t\t\t\t\t<\/div>\n\t\t<\/section>\n\t\t\t\t\t\t\t<\/div>\n\t\t","protected":false},"excerpt":{"rendered":"<p>\u21b5 Retour \u00e0 la page d&#8217;accueil du parcours Le Fil LES INTERVENANT.e.S ADADA est un collectif de th\u00e9\u00e2tre en espaces publics au sein duquel collaborent acteur\u00b7ices, sc\u00e9nographes, constructeur\u00b7ices, pyrotechnicien\u00b7nes et musicien\u00b7nes. ADADA cr\u00e9\u00e9 en rue, en eau, en garage, des univers o\u00f9 l\u2019acteur\u00b7ice est au centre du th\u00e9\u00e2tre, o\u00f9 la sc\u00e9nographie est un personnage, o\u00f9&hellip;&nbsp;<a href=\"https:\/\/transfert-vv93.esopa-productions.fr\/index.php\/fil-rosny-sous-bois\/les-intervenants-le-fil-rosny\/\" class=\"\" rel=\"bookmark\">Lire la suite &raquo;<span class=\"screen-reader-text\">Les intervenants pour Le Fil \u00e0 Rosny<\/span><\/a><\/p>\n","protected":false},"author":1,"featured_media":0,"parent":841,"menu_order":0,"comment_status":"closed","ping_status":"closed","template":"page-templates\/template-pagebuilder-full-width.php","meta":{"neve_meta_sidebar":"","neve_meta_container":"","neve_meta_enable_content_width":"","neve_meta_content_width":0,"neve_meta_title_alignment":"","neve_meta_author_avatar":"","neve_post_elements_order":"","neve_meta_disable_header":"","neve_meta_disable_footer":"","neve_meta_disable_title":"","footnotes":""},"class_list":["post-1322","page","type-page","status-publish","hentry"],"_links":{"self":[{"href":"https:\/\/transfert-vv93.esopa-productions.fr\/index.php\/wp-json\/wp\/v2\/pages\/1322","targetHints":{"allow":["GET"]}}],"collection":[{"href":"https:\/\/transfert-vv93.esopa-productions.fr\/index.php\/wp-json\/wp\/v2\/pages"}],"about":[{"href":"https:\/\/transfert-vv93.esopa-productions.fr\/index.php\/wp-json\/wp\/v2\/types\/page"}],"author":[{"embeddable":true,"href":"https:\/\/transfert-vv93.esopa-productions.fr\/index.php\/wp-json\/wp\/v2\/users\/1"}],"replies":[{"embeddable":true,"href":"https:\/\/transfert-vv93.esopa-productions.fr\/index.php\/wp-json\/wp\/v2\/comments?post=1322"}],"version-history":[{"count":34,"href":"https:\/\/transfert-vv93.esopa-productions.fr\/index.php\/wp-json\/wp\/v2\/pages\/1322\/revisions"}],"predecessor-version":[{"id":5103,"href":"https:\/\/transfert-vv93.esopa-productions.fr\/index.php\/wp-json\/wp\/v2\/pages\/1322\/revisions\/5103"}],"up":[{"embeddable":true,"href":"https:\/\/transfert-vv93.esopa-productions.fr\/index.php\/wp-json\/wp\/v2\/pages\/841"}],"wp:attachment":[{"href":"https:\/\/transfert-vv93.esopa-productions.fr\/index.php\/wp-json\/wp\/v2\/media?parent=1322"}],"curies":[{"name":"wp","href":"https:\/\/api.w.org\/{rel}","templated":true}]}}