{"id":1318,"date":"2023-04-21T16:54:30","date_gmt":"2023-04-21T14:54:30","guid":{"rendered":"https:\/\/transfert-vv93.esopa-productions.fr\/?page_id=1318"},"modified":"2025-05-27T10:02:40","modified_gmt":"2025-05-27T08:02:40","slug":"le-parcours-le-fil-rosny","status":"publish","type":"page","link":"https:\/\/transfert-vv93.esopa-productions.fr\/index.php\/fil-rosny-sous-bois\/le-parcours-le-fil-rosny\/","title":{"rendered":"Le parcours pour Le Fil \u00e0 Rosny"},"content":{"rendered":"\t\t<div data-elementor-type=\"wp-page\" data-elementor-id=\"1318\" class=\"elementor elementor-1318\">\n\t\t\t\t\t\t\t\t\t<section class=\"elementor-section elementor-top-section elementor-element elementor-element-9372990 elementor-section-boxed elementor-section-height-default elementor-section-height-default\" data-id=\"9372990\" data-element_type=\"section\">\n\t\t\t\t\t\t<div class=\"elementor-container elementor-column-gap-default\">\n\t\t\t\t\t<div class=\"elementor-column elementor-col-100 elementor-top-column elementor-element elementor-element-2bcb466\" data-id=\"2bcb466\" data-element_type=\"column\">\n\t\t\t<div class=\"elementor-widget-wrap elementor-element-populated\">\n\t\t\t\t\t\t\t\t<div class=\"elementor-element elementor-element-cbced21 elementor-widget elementor-widget-spacer\" data-id=\"cbced21\" data-element_type=\"widget\" data-widget_type=\"spacer.default\">\n\t\t\t\t<div class=\"elementor-widget-container\">\n\t\t\t<style>\/*! elementor - v3.12.1 - 02-04-2023 *\/\n.elementor-column .elementor-spacer-inner{height:var(--spacer-size)}.e-con{--container-widget-width:100%}.e-con-inner>.elementor-widget-spacer,.e-con>.elementor-widget-spacer{width:var(--container-widget-width,var(--spacer-size));--align-self:var(--container-widget-align-self,initial);--flex-shrink:0}.e-con-inner>.elementor-widget-spacer>.elementor-widget-container,.e-con-inner>.elementor-widget-spacer>.elementor-widget-container>.elementor-spacer,.e-con>.elementor-widget-spacer>.elementor-widget-container,.e-con>.elementor-widget-spacer>.elementor-widget-container>.elementor-spacer{height:100%}.e-con-inner>.elementor-widget-spacer>.elementor-widget-container>.elementor-spacer>.elementor-spacer-inner,.e-con>.elementor-widget-spacer>.elementor-widget-container>.elementor-spacer>.elementor-spacer-inner{height:var(--container-widget-height,var(--spacer-size))}<\/style>\t\t<div class=\"elementor-spacer\">\n\t\t\t<div class=\"elementor-spacer-inner\"><\/div>\n\t\t<\/div>\n\t\t\t\t<\/div>\n\t\t\t\t<\/div>\n\t\t\t\t\t<\/div>\n\t\t<\/div>\n\t\t\t\t\t\t\t<\/div>\n\t\t<\/section>\n\t\t\t\t<section class=\"elementor-section elementor-top-section elementor-element elementor-element-3358aba elementor-section-boxed elementor-section-height-default elementor-section-height-default\" data-id=\"3358aba\" data-element_type=\"section\">\n\t\t\t\t\t\t<div class=\"elementor-container elementor-column-gap-default\">\n\t\t\t\t\t<div class=\"elementor-column elementor-col-100 elementor-top-column elementor-element elementor-element-edf092d\" data-id=\"edf092d\" data-element_type=\"column\">\n\t\t\t<div class=\"elementor-widget-wrap elementor-element-populated\">\n\t\t\t\t\t\t\t\t<div class=\"elementor-element elementor-element-e8084af elementor-widget elementor-widget-text-editor\" data-id=\"e8084af\" data-element_type=\"widget\" data-widget_type=\"text-editor.default\">\n\t\t\t\t<div class=\"elementor-widget-container\">\n\t\t\t<style>\/*! elementor - v3.12.1 - 02-04-2023 *\/\n.elementor-widget-text-editor.elementor-drop-cap-view-stacked .elementor-drop-cap{background-color:#69727d;color:#fff}.elementor-widget-text-editor.elementor-drop-cap-view-framed .elementor-drop-cap{color:#69727d;border:3px solid;background-color:transparent}.elementor-widget-text-editor:not(.elementor-drop-cap-view-default) .elementor-drop-cap{margin-top:8px}.elementor-widget-text-editor:not(.elementor-drop-cap-view-default) .elementor-drop-cap-letter{width:1em;height:1em}.elementor-widget-text-editor .elementor-drop-cap{float:left;text-align:center;line-height:1;font-size:50px}.elementor-widget-text-editor .elementor-drop-cap-letter{display:inline-block}<\/style>\t\t\t\t<p><a href=\"https:\/\/transfert-vv93.esopa-productions.fr\/index.php\/fil-rosny-sous-bois\/\">\u21b5 Retour \u00e0 la page d&#8217;accueil du parcours Le Fil<\/a><\/p>\t\t\t\t\t\t<\/div>\n\t\t\t\t<\/div>\n\t\t\t\t\t<\/div>\n\t\t<\/div>\n\t\t\t\t\t\t\t<\/div>\n\t\t<\/section>\n\t\t\t\t<section class=\"elementor-section elementor-top-section elementor-element elementor-element-38d94ac elementor-section-boxed elementor-section-height-default elementor-section-height-default\" data-id=\"38d94ac\" data-element_type=\"section\">\n\t\t\t\t\t\t\t<div class=\"elementor-background-overlay\"><\/div>\n\t\t\t\t\t\t\t<div class=\"elementor-container elementor-column-gap-default\">\n\t\t\t\t\t<div class=\"elementor-column elementor-col-50 elementor-top-column elementor-element elementor-element-26b8229\" data-id=\"26b8229\" data-element_type=\"column\" data-settings=\"{&quot;background_background&quot;:&quot;classic&quot;}\">\n\t\t\t<div class=\"elementor-widget-wrap elementor-element-populated\">\n\t\t\t\t\t\t\t\t<div class=\"elementor-element elementor-element-5b0b4c0 elementor-widget__width-initial elementor-widget elementor-widget-heading\" data-id=\"5b0b4c0\" data-element_type=\"widget\" data-widget_type=\"heading.default\">\n\t\t\t\t<div class=\"elementor-widget-container\">\n\t\t\t<style>\/*! elementor - v3.12.1 - 02-04-2023 *\/\n.elementor-heading-title{padding:0;margin:0;line-height:1}.elementor-widget-heading .elementor-heading-title[class*=elementor-size-]>a{color:inherit;font-size:inherit;line-height:inherit}.elementor-widget-heading .elementor-heading-title.elementor-size-small{font-size:15px}.elementor-widget-heading .elementor-heading-title.elementor-size-medium{font-size:19px}.elementor-widget-heading .elementor-heading-title.elementor-size-large{font-size:29px}.elementor-widget-heading .elementor-heading-title.elementor-size-xl{font-size:39px}.elementor-widget-heading .elementor-heading-title.elementor-size-xxl{font-size:59px}<\/style><h2 class=\"elementor-heading-title elementor-size-default\">le parcours pour \"Le Fil\"<\/h2>\t\t<\/div>\n\t\t\t\t<\/div>\n\t\t\t\t\t<\/div>\n\t\t<\/div>\n\t\t\t\t<div class=\"elementor-column elementor-col-50 elementor-top-column elementor-element elementor-element-a0c11d2\" data-id=\"a0c11d2\" data-element_type=\"column\" data-settings=\"{&quot;background_background&quot;:&quot;classic&quot;}\">\n\t\t\t<div class=\"elementor-widget-wrap\">\n\t\t\t\t\t\t\t\t\t<\/div>\n\t\t<\/div>\n\t\t\t\t\t\t\t<\/div>\n\t\t<\/section>\n\t\t\t\t<section class=\"elementor-section elementor-top-section elementor-element elementor-element-11d1e72 elementor-section-boxed elementor-section-height-default elementor-section-height-default\" data-id=\"11d1e72\" data-element_type=\"section\">\n\t\t\t\t\t\t<div class=\"elementor-container elementor-column-gap-default\">\n\t\t\t\t\t<div class=\"elementor-column elementor-col-50 elementor-top-column elementor-element elementor-element-4ddf84f\" data-id=\"4ddf84f\" data-element_type=\"column\" data-settings=\"{&quot;background_background&quot;:&quot;classic&quot;}\">\n\t\t\t<div class=\"elementor-widget-wrap elementor-element-populated\">\n\t\t\t\t\t\t\t\t<div class=\"elementor-element elementor-element-1f42de3 elementor-widget elementor-widget-text-editor\" data-id=\"1f42de3\" data-element_type=\"widget\" data-widget_type=\"text-editor.default\">\n\t\t\t\t<div class=\"elementor-widget-container\">\n\t\t\t\t\t\t\t<p>Le <b>collectif ADADA<\/b> propose, durant 10 apr\u00e8s-midis, de r\u00e9aliser un film avec les r\u00e9sidents et les r\u00e9sidentes de l&#8217;EHPAD Emile Zola de Rosny. Chaque s\u00e9ance se construit autour d&#8217;une th\u00e9matique allant chaque fois plus loin dans la rencontre : pr\u00e9sentations, interview, souvenirs \u00e0 partir d&#8217;objets, visites guid\u00e9es&#8230;\u00a0 A partir de ce mat\u00e9riel, ils et elles \u00e9laboreront un sc\u00e9nario qui se finalisera par un film cartographique des r\u00e9sident\u00b7es et de cette rencontre.<\/p><blockquote><p><i>\u201cNous souhaitons que les r\u00e9sident\u00b7es que nous allons rencontrer puissent s&#8217;emparer de la cam\u00e9ra et filmer eux-m\u00eame ces moments, les inspirer, et nous souhaitons rester extr\u00eamement flexibles et perm\u00e9ables aux propositions ou intuitions qui se d\u00e9gageront des temps que nous passerons ensemble. Il s&#8217;agit pour nous de s\u2019 appuyer sur des supports artistiques pluridisciplinaires (cam\u00e9ra, th\u00e9\u00e2tre, arts plastiques&#8230;) pour mettre en \u0153uvre une \u00e9nergie collective tourn\u00e9e vers la rencontre et le plaisir de se raconter ensemble, sur le fil de la r\u00e9alit\u00e9 et pourquoi pas de l&#8217;imaginaire.\u201d<\/i><\/p><\/blockquote>\t\t\t\t\t\t<\/div>\n\t\t\t\t<\/div>\n\t\t\t\t\t<\/div>\n\t\t<\/div>\n\t\t\t\t<div class=\"elementor-column elementor-col-50 elementor-top-column elementor-element elementor-element-7830520\" data-id=\"7830520\" data-element_type=\"column\" data-settings=\"{&quot;background_background&quot;:&quot;classic&quot;}\">\n\t\t\t<div class=\"elementor-widget-wrap elementor-element-populated\">\n\t\t\t\t\t\t\t\t<div class=\"elementor-element elementor-element-f9bfe69 elementor-widget elementor-widget-spacer\" data-id=\"f9bfe69\" data-element_type=\"widget\" data-widget_type=\"spacer.default\">\n\t\t\t\t<div class=\"elementor-widget-container\">\n\t\t\t\t\t<div class=\"elementor-spacer\">\n\t\t\t<div class=\"elementor-spacer-inner\"><\/div>\n\t\t<\/div>\n\t\t\t\t<\/div>\n\t\t\t\t<\/div>\n\t\t\t\t<div class=\"elementor-element elementor-element-97a4336 elementor-widget elementor-widget-video\" data-id=\"97a4336\" data-element_type=\"widget\" data-settings=\"{&quot;youtube_url&quot;:&quot;https:\\\/\\\/www.youtube.com\\\/watch?v=K1plxGFE0GM&quot;,&quot;video_type&quot;:&quot;youtube&quot;,&quot;controls&quot;:&quot;yes&quot;}\" data-widget_type=\"video.default\">\n\t\t\t\t<div class=\"elementor-widget-container\">\n\t\t\t<style>\/*! elementor - v3.12.1 - 02-04-2023 *\/\n.elementor-widget-video .elementor-widget-container{overflow:hidden;transform:translateZ(0)}.elementor-widget-video .elementor-wrapper iframe,.elementor-widget-video .elementor-wrapper video{height:100%;width:100%;display:flex;border:none;background-color:#000}.elementor-widget-video .elementor-open-inline .elementor-custom-embed-image-overlay{position:absolute;top:0;left:0;width:100%;height:100%;background-size:cover;background-position:50%}.elementor-widget-video .elementor-custom-embed-image-overlay{cursor:pointer;text-align:center}.elementor-widget-video .elementor-custom-embed-image-overlay:hover .elementor-custom-embed-play i{opacity:1}.elementor-widget-video .elementor-custom-embed-image-overlay img{display:block;width:100%}.elementor-widget-video .e-hosted-video .elementor-video{-o-object-fit:cover;object-fit:cover}.e-con-inner>.elementor-widget-video,.e-con>.elementor-widget-video{width:var(--container-widget-width);--flex-grow:var(--container-widget-flex-grow)}<\/style>\t\t<div class=\"elementor-wrapper elementor-open-inline\">\n\t\t\t<div class=\"elementor-video\"><\/div>\t\t<\/div>\n\t\t\t\t<\/div>\n\t\t\t\t<\/div>\n\t\t\t\t\t<\/div>\n\t\t<\/div>\n\t\t\t\t\t\t\t<\/div>\n\t\t<\/section>\n\t\t\t\t<section class=\"elementor-section elementor-top-section elementor-element elementor-element-f8c07a6 elementor-section-boxed elementor-section-height-default elementor-section-height-default\" data-id=\"f8c07a6\" data-element_type=\"section\">\n\t\t\t\t\t\t<div class=\"elementor-container elementor-column-gap-default\">\n\t\t\t\t\t<div class=\"elementor-column elementor-col-50 elementor-top-column elementor-element elementor-element-4d7dfc4\" data-id=\"4d7dfc4\" data-element_type=\"column\" data-settings=\"{&quot;background_background&quot;:&quot;classic&quot;}\">\n\t\t\t<div class=\"elementor-widget-wrap elementor-element-populated\">\n\t\t\t\t\t\t\t\t<div class=\"elementor-element elementor-element-3fcf2c4 elementor-widget elementor-widget-text-editor\" data-id=\"3fcf2c4\" data-element_type=\"widget\" data-widget_type=\"text-editor.default\">\n\t\t\t\t<div class=\"elementor-widget-container\">\n\t\t\t\t\t\t\t<p>Par cette exp\u00e9rience de co-cr\u00e9ation, le but est de :<br \/><br \/>&#8211; <b>Stimuler l\u2019imaginaire<\/b> des r\u00e9sident\u00b7es.<br \/>&#8211; <b>Stimuler les capacit\u00e9s cognitives<\/b> des r\u00e9sident\u00b7es par la r\u00e9alisation vid\u00e9o.<br \/>&#8211; Chercher <b>comment renouveler l\u2019imaginaire autour des personnes \u00e2g\u00e9es<\/b> mais aussi ceux qui existent autour des artistes et de la cr\u00e9ation.<\/p><p>\u00c0 l\u2019issue du parcours, les r\u00e9sident\u00b7es et le collectif Adada organise une projection de <em>Le Fil<\/em>.<br \/><em>Le Fil<\/em> raconte l&#8217;histoire de ce film, de la mani\u00e8re dont il s&#8217;est cr\u00e9\u00e9, \u00e9crit, r\u00e9\u00e9crit au fur et \u00e0 mesure des rencontres, des surprises et des impasses. <em>Le Fil<\/em> est une d\u00e9ambulation dans les histoires et les couloirs \u00e0 la recherche de l&#8217;imagination.<\/p>\t\t\t\t\t\t<\/div>\n\t\t\t\t<\/div>\n\t\t\t\t\t<\/div>\n\t\t<\/div>\n\t\t\t\t<div class=\"elementor-column elementor-col-50 elementor-top-column elementor-element elementor-element-28da3e7\" data-id=\"28da3e7\" data-element_type=\"column\" data-settings=\"{&quot;background_background&quot;:&quot;classic&quot;}\">\n\t\t\t<div class=\"elementor-widget-wrap elementor-element-populated\">\n\t\t\t\t\t\t\t\t<div class=\"elementor-element elementor-element-4dccb13 elementor-widget elementor-widget-text-editor\" data-id=\"4dccb13\" data-element_type=\"widget\" data-widget_type=\"text-editor.default\">\n\t\t\t\t<div class=\"elementor-widget-container\">\n\t\t\t\t\t\t\t<h4><strong>Calendrier des s\u00e9ances<\/strong><\/h4><p>Le collectif intervient chaque semaine dans l\u2019\u00e9tablissement. L\u2019atelier dure l\u2019apr\u00e8s-midi.\u00a0<\/p><p>S\u00e9ance 1 : 1er f\u00e9vrier 2023<br \/>S\u00e9ance 2 : 16 f\u00e9vrier 2023<br \/>S\u00e9ance 4 : 16 mars 2023<br \/>S\u00e9ance 5 : 23 mars 2023<br \/>S\u00e9ance 6 : 30 mars 2023<br \/>S\u00e9ance 7 : 4 avril 2023<br \/>S\u00e9ance 8 : 12 avril 2023<br \/>S\u00e9ance 9 : 18 avril 2023<br \/>S\u00e9ance 10 : 20 avril 2023.<\/p>\t\t\t\t\t\t<\/div>\n\t\t\t\t<\/div>\n\t\t\t\t\t<\/div>\n\t\t<\/div>\n\t\t\t\t\t\t\t<\/div>\n\t\t<\/section>\n\t\t\t\t<section class=\"elementor-section elementor-top-section elementor-element elementor-element-a90413a elementor-section-boxed elementor-section-height-default elementor-section-height-default\" data-id=\"a90413a\" data-element_type=\"section\">\n\t\t\t\t\t\t<div class=\"elementor-container elementor-column-gap-default\">\n\t\t\t\t\t<div class=\"elementor-column elementor-col-100 elementor-top-column elementor-element elementor-element-0d3d755\" data-id=\"0d3d755\" data-element_type=\"column\">\n\t\t\t<div class=\"elementor-widget-wrap elementor-element-populated\">\n\t\t\t\t\t\t\t\t<div class=\"elementor-element elementor-element-4ed8322 elementor-widget elementor-widget-spacer\" data-id=\"4ed8322\" data-element_type=\"widget\" data-widget_type=\"spacer.default\">\n\t\t\t\t<div class=\"elementor-widget-container\">\n\t\t\t\t\t<div class=\"elementor-spacer\">\n\t\t\t<div class=\"elementor-spacer-inner\"><\/div>\n\t\t<\/div>\n\t\t\t\t<\/div>\n\t\t\t\t<\/div>\n\t\t\t\t\t<\/div>\n\t\t<\/div>\n\t\t\t\t\t\t\t<\/div>\n\t\t<\/section>\n\t\t\t\t\t\t\t<\/div>\n\t\t","protected":false},"excerpt":{"rendered":"<p>\u21b5 Retour \u00e0 la page d&#8217;accueil du parcours Le Fil le parcours pour &#8220;Le Fil&#8221; Le collectif ADADA propose, durant 10 apr\u00e8s-midis, de r\u00e9aliser un film avec les r\u00e9sidents et les r\u00e9sidentes de l&#8217;EHPAD Emile Zola de Rosny. Chaque s\u00e9ance se construit autour d&#8217;une th\u00e9matique allant chaque fois plus loin dans la rencontre : pr\u00e9sentations,&hellip;&nbsp;<a href=\"https:\/\/transfert-vv93.esopa-productions.fr\/index.php\/fil-rosny-sous-bois\/le-parcours-le-fil-rosny\/\" class=\"\" rel=\"bookmark\">Lire la suite &raquo;<span class=\"screen-reader-text\">Le parcours pour Le Fil \u00e0 Rosny<\/span><\/a><\/p>\n","protected":false},"author":1,"featured_media":0,"parent":841,"menu_order":0,"comment_status":"closed","ping_status":"closed","template":"page-templates\/template-pagebuilder-full-width.php","meta":{"neve_meta_sidebar":"","neve_meta_container":"","neve_meta_enable_content_width":"","neve_meta_content_width":0,"neve_meta_title_alignment":"","neve_meta_author_avatar":"","neve_post_elements_order":"","neve_meta_disable_header":"","neve_meta_disable_footer":"","neve_meta_disable_title":"","footnotes":""},"class_list":["post-1318","page","type-page","status-publish","hentry"],"_links":{"self":[{"href":"https:\/\/transfert-vv93.esopa-productions.fr\/index.php\/wp-json\/wp\/v2\/pages\/1318","targetHints":{"allow":["GET"]}}],"collection":[{"href":"https:\/\/transfert-vv93.esopa-productions.fr\/index.php\/wp-json\/wp\/v2\/pages"}],"about":[{"href":"https:\/\/transfert-vv93.esopa-productions.fr\/index.php\/wp-json\/wp\/v2\/types\/page"}],"author":[{"embeddable":true,"href":"https:\/\/transfert-vv93.esopa-productions.fr\/index.php\/wp-json\/wp\/v2\/users\/1"}],"replies":[{"embeddable":true,"href":"https:\/\/transfert-vv93.esopa-productions.fr\/index.php\/wp-json\/wp\/v2\/comments?post=1318"}],"version-history":[{"count":58,"href":"https:\/\/transfert-vv93.esopa-productions.fr\/index.php\/wp-json\/wp\/v2\/pages\/1318\/revisions"}],"predecessor-version":[{"id":4851,"href":"https:\/\/transfert-vv93.esopa-productions.fr\/index.php\/wp-json\/wp\/v2\/pages\/1318\/revisions\/4851"}],"up":[{"embeddable":true,"href":"https:\/\/transfert-vv93.esopa-productions.fr\/index.php\/wp-json\/wp\/v2\/pages\/841"}],"wp:attachment":[{"href":"https:\/\/transfert-vv93.esopa-productions.fr\/index.php\/wp-json\/wp\/v2\/media?parent=1318"}],"curies":[{"name":"wp","href":"https:\/\/api.w.org\/{rel}","templated":true}]}}